{"id":732,"date":"2022-10-19T11:03:13","date_gmt":"2022-10-19T09:03:13","guid":{"rendered":"https:\/\/viscoto.com\/produkt\/weises-handtuch-80x80-cm-verpackt-in-packungen-zu-25-stuck\/"},"modified":"2024-10-14T11:01:44","modified_gmt":"2024-10-14T09:01:44","slug":"grosses-friseurhandtuch-80x80-cm","status":"publish","type":"product","link":"https:\/\/viscoto.com\/de\/produkt\/grosses-friseurhandtuch-80x80-cm\/","title":{"rendered":"Gro\u00dfes Friseurhandtuch 80&#215;80 cm, 20 Stk."},"content":{"rendered":"","protected":false},"excerpt":{"rendered":"<ul>\n<li>ein PREMIUM Qualit\u00e4tsprodukt<\/li>\n<li>nur 1 Handtuch pro Kunde<\/li>\n<li>f\u00fcsselfrei<\/li>\n<li>hygienisch<\/li>\n<li>unglaublich weich<\/li>\n<li>100% nat\u00fcrlich<\/li>\n<li>biologisch abbaubar<\/li>\n<li>hypoallergen<\/li>\n<li>vegan<\/li>\n<\/ul>\n<p>Farbe: wei\u00df<\/p>\n<p>Gr\u00f6\u00dfe: 80 x 80 cm<\/p>\n<p>20 St\u00fcck pro Packung<\/p>\n<p>100% Viskose<\/p>\n<p>Anwendung: Friseursalons, Sch\u00f6nheitssalons, Massage, Physiotherapie, SPA, Hundepflege<\/p>\n","protected":false},"featured_media":541,"comment_status":"open","ping_status":"closed","template":"","meta":[],"product_brand":[],"product_cat":[15],"product_tag":[],"class_list":{"0":"post-732","1":"product","2":"type-product","3":"status-publish","4":"has-post-thumbnail","6":"product_cat-viscoto","8":"first","9":"instock","10":"shipping-taxable","11":"purchasable","12":"product-type-variable"},"yoast_head":"<!-- This site is optimized with the Yoast SEO plugin v27.3 - https:\/\/yoast.com\/product\/yoast-seo-wordpress\/ -->\n<title>Gro\u00dfes Friseurhandtuch 80x80 cm, 20 Stk. - Viscoto<\/title>\n<meta name=\"robots\" content=\"index, follow, max-snippet:-1, max-image-preview:large, max-video-preview:-1\" \/>\n<link rel=\"canonical\" href=\"https:\/\/viscoto.com\/de\/produkt\/grosses-friseurhandtuch-80x80-cm\/\" \/>\n<meta property=\"og:locale\" content=\"de_DE\" \/>\n<meta property=\"og:type\" content=\"article\" \/>\n<meta property=\"og:title\" content=\"Gro\u00dfes Friseurhandtuch 80x80 cm, 20 Stk. - Viscoto\" \/>\n<meta property=\"og:description\" content=\"ein PREMIUM Qualit\u00e4tsprodukt  nur 1 Handtuch pro Kunde  f\u00fcsselfrei  hygienisch  unglaublich weich  100% nat\u00fcrlich  biologisch abbaubar  hypoallergen  vegan  Farbe: wei\u00df  Gr\u00f6\u00dfe: 80 x 80 cm  20 St\u00fcck pro Packung  100% Viskose  Anwendung: Friseursalons, Sch\u00f6nheitssalons, Massage, Physiotherapie, SPA, Hundepflege\" \/>\n<meta property=\"og:url\" content=\"https:\/\/viscoto.com\/de\/produkt\/grosses-friseurhandtuch-80x80-cm\/\" \/>\n<meta property=\"og:site_name\" content=\"Viscoto\" \/>\n<meta property=\"article:modified_time\" content=\"2024-10-14T09:01:44+00:00\" \/>\n<meta property=\"og:image\" content=\"https:\/\/viscoto.com\/wp-content\/uploads\/2022\/10\/reczniki_49-1.jpg\" \/>\n\t<meta property=\"og:image:width\" content=\"1977\" \/>\n\t<meta property=\"og:image:height\" content=\"1318\" \/>\n\t<meta property=\"og:image:type\" content=\"image\/jpeg\" \/>\n<meta name=\"twitter:card\" content=\"summary_large_image\" \/>\n<script type=\"application\/ld+json\" class=\"yoast-schema-graph\">{\"@context\":\"https:\\\/\\\/schema.org\",\"@graph\":[{\"@type\":\"WebPage\",\"@id\":\"https:\\\/\\\/viscoto.com\\\/de\\\/produkt\\\/grosses-friseurhandtuch-80x80-cm\\\/\",\"url\":\"https:\\\/\\\/viscoto.com\\\/de\\\/produkt\\\/grosses-friseurhandtuch-80x80-cm\\\/\",\"name\":\"Gro\u00dfes Friseurhandtuch 80x80 cm, 20 Stk. - Viscoto\",\"isPartOf\":{\"@id\":\"https:\\\/\\\/viscoto.com\\\/#website\"},\"primaryImageOfPage\":{\"@id\":\"https:\\\/\\\/viscoto.com\\\/de\\\/produkt\\\/grosses-friseurhandtuch-80x80-cm\\\/#primaryimage\"},\"image\":{\"@id\":\"https:\\\/\\\/viscoto.com\\\/de\\\/produkt\\\/grosses-friseurhandtuch-80x80-cm\\\/#primaryimage\"},\"thumbnailUrl\":\"https:\\\/\\\/viscoto.com\\\/wp-content\\\/uploads\\\/2022\\\/10\\\/reczniki_49-1.jpg\",\"datePublished\":\"2022-10-19T09:03:13+00:00\",\"dateModified\":\"2024-10-14T09:01:44+00:00\",\"breadcrumb\":{\"@id\":\"https:\\\/\\\/viscoto.com\\\/de\\\/produkt\\\/grosses-friseurhandtuch-80x80-cm\\\/#breadcrumb\"},\"inLanguage\":\"de\",\"potentialAction\":[{\"@type\":\"ReadAction\",\"target\":[\"https:\\\/\\\/viscoto.com\\\/de\\\/produkt\\\/grosses-friseurhandtuch-80x80-cm\\\/\"]}]},{\"@type\":\"ImageObject\",\"inLanguage\":\"de\",\"@id\":\"https:\\\/\\\/viscoto.com\\\/de\\\/produkt\\\/grosses-friseurhandtuch-80x80-cm\\\/#primaryimage\",\"url\":\"https:\\\/\\\/viscoto.com\\\/wp-content\\\/uploads\\\/2022\\\/10\\\/reczniki_49-1.jpg\",\"contentUrl\":\"https:\\\/\\\/viscoto.com\\\/wp-content\\\/uploads\\\/2022\\\/10\\\/reczniki_49-1.jpg\",\"width\":1977,\"height\":1318},{\"@type\":\"BreadcrumbList\",\"@id\":\"https:\\\/\\\/viscoto.com\\\/de\\\/produkt\\\/grosses-friseurhandtuch-80x80-cm\\\/#breadcrumb\",\"itemListElement\":[{\"@type\":\"ListItem\",\"position\":1,\"name\":\"Strona g\u0142\u00f3wna\",\"item\":\"https:\\\/\\\/viscoto.com\\\/de\\\/\"},{\"@type\":\"ListItem\",\"position\":2,\"name\":\"Shop\",\"item\":\"https:\\\/\\\/viscoto.com\\\/de\\\/shop\\\/\"},{\"@type\":\"ListItem\",\"position\":3,\"name\":\"Gro\u00dfes Friseurhandtuch 80&#215;80 cm, 20 Stk.\"}]},{\"@type\":\"WebSite\",\"@id\":\"https:\\\/\\\/viscoto.com\\\/#website\",\"url\":\"https:\\\/\\\/viscoto.com\\\/\",\"name\":\"Viscoto\",\"description\":\"\",\"potentialAction\":[{\"@type\":\"SearchAction\",\"target\":{\"@type\":\"EntryPoint\",\"urlTemplate\":\"https:\\\/\\\/viscoto.com\\\/?s={search_term_string}\"},\"query-input\":{\"@type\":\"PropertyValueSpecification\",\"valueRequired\":true,\"valueName\":\"search_term_string\"}}],\"inLanguage\":\"de\"}]}<\/script>\n<!-- \/ Yoast SEO plugin. -->","yoast_head_json":{"title":"Gro\u00dfes Friseurhandtuch 80x80 cm, 20 Stk. - Viscoto","robots":{"index":"index","follow":"follow","max-snippet":"max-snippet:-1","max-image-preview":"max-image-preview:large","max-video-preview":"max-video-preview:-1"},"canonical":"https:\/\/viscoto.com\/de\/produkt\/grosses-friseurhandtuch-80x80-cm\/","og_locale":"de_DE","og_type":"article","og_title":"Gro\u00dfes Friseurhandtuch 80x80 cm, 20 Stk. - Viscoto","og_description":"ein PREMIUM Qualit\u00e4tsprodukt  nur 1 Handtuch pro Kunde  f\u00fcsselfrei  hygienisch  unglaublich weich  100% nat\u00fcrlich  biologisch abbaubar  hypoallergen  vegan  Farbe: wei\u00df  Gr\u00f6\u00dfe: 80 x 80 cm  20 St\u00fcck pro Packung  100% Viskose  Anwendung: Friseursalons, Sch\u00f6nheitssalons, Massage, Physiotherapie, SPA, Hundepflege","og_url":"https:\/\/viscoto.com\/de\/produkt\/grosses-friseurhandtuch-80x80-cm\/","og_site_name":"Viscoto","article_modified_time":"2024-10-14T09:01:44+00:00","og_image":[{"width":1977,"height":1318,"url":"https:\/\/viscoto.com\/wp-content\/uploads\/2022\/10\/reczniki_49-1.jpg","type":"image\/jpeg"}],"twitter_card":"summary_large_image","schema":{"@context":"https:\/\/schema.org","@graph":[{"@type":"WebPage","@id":"https:\/\/viscoto.com\/de\/produkt\/grosses-friseurhandtuch-80x80-cm\/","url":"https:\/\/viscoto.com\/de\/produkt\/grosses-friseurhandtuch-80x80-cm\/","name":"Gro\u00dfes Friseurhandtuch 80x80 cm, 20 Stk. - Viscoto","isPartOf":{"@id":"https:\/\/viscoto.com\/#website"},"primaryImageOfPage":{"@id":"https:\/\/viscoto.com\/de\/produkt\/grosses-friseurhandtuch-80x80-cm\/#primaryimage"},"image":{"@id":"https:\/\/viscoto.com\/de\/produkt\/grosses-friseurhandtuch-80x80-cm\/#primaryimage"},"thumbnailUrl":"https:\/\/viscoto.com\/wp-content\/uploads\/2022\/10\/reczniki_49-1.jpg","datePublished":"2022-10-19T09:03:13+00:00","dateModified":"2024-10-14T09:01:44+00:00","breadcrumb":{"@id":"https:\/\/viscoto.com\/de\/produkt\/grosses-friseurhandtuch-80x80-cm\/#breadcrumb"},"inLanguage":"de","potentialAction":[{"@type":"ReadAction","target":["https:\/\/viscoto.com\/de\/produkt\/grosses-friseurhandtuch-80x80-cm\/"]}]},{"@type":"ImageObject","inLanguage":"de","@id":"https:\/\/viscoto.com\/de\/produkt\/grosses-friseurhandtuch-80x80-cm\/#primaryimage","url":"https:\/\/viscoto.com\/wp-content\/uploads\/2022\/10\/reczniki_49-1.jpg","contentUrl":"https:\/\/viscoto.com\/wp-content\/uploads\/2022\/10\/reczniki_49-1.jpg","width":1977,"height":1318},{"@type":"BreadcrumbList","@id":"https:\/\/viscoto.com\/de\/produkt\/grosses-friseurhandtuch-80x80-cm\/#breadcrumb","itemListElement":[{"@type":"ListItem","position":1,"name":"Strona g\u0142\u00f3wna","item":"https:\/\/viscoto.com\/de\/"},{"@type":"ListItem","position":2,"name":"Shop","item":"https:\/\/viscoto.com\/de\/shop\/"},{"@type":"ListItem","position":3,"name":"Gro\u00dfes Friseurhandtuch 80&#215;80 cm, 20 Stk."}]},{"@type":"WebSite","@id":"https:\/\/viscoto.com\/#website","url":"https:\/\/viscoto.com\/","name":"Viscoto","description":"","potentialAction":[{"@type":"SearchAction","target":{"@type":"EntryPoint","urlTemplate":"https:\/\/viscoto.com\/?s={search_term_string}"},"query-input":{"@type":"PropertyValueSpecification","valueRequired":true,"valueName":"search_term_string"}}],"inLanguage":"de"}]}},"_links":{"self":[{"href":"https:\/\/viscoto.com\/de\/wp-json\/wp\/v2\/product\/732","targetHints":{"allow":["GET"]}}],"collection":[{"href":"https:\/\/viscoto.com\/de\/wp-json\/wp\/v2\/product"}],"about":[{"href":"https:\/\/viscoto.com\/de\/wp-json\/wp\/v2\/types\/product"}],"replies":[{"embeddable":true,"href":"https:\/\/viscoto.com\/de\/wp-json\/wp\/v2\/comments?post=732"}],"wp:featuredmedia":[{"embeddable":true,"href":"https:\/\/viscoto.com\/de\/wp-json\/wp\/v2\/media\/541"}],"wp:attachment":[{"href":"https:\/\/viscoto.com\/de\/wp-json\/wp\/v2\/media?parent=732"}],"wp:term":[{"taxonomy":"product_brand","embeddable":true,"href":"https:\/\/viscoto.com\/de\/wp-json\/wp\/v2\/product_brand?post=732"},{"taxonomy":"product_cat","embeddable":true,"href":"https:\/\/viscoto.com\/de\/wp-json\/wp\/v2\/product_cat?post=732"},{"taxonomy":"product_tag","embeddable":true,"href":"https:\/\/viscoto.com\/de\/wp-json\/wp\/v2\/product_tag?post=732"}],"curies":[{"name":"wp","href":"https:\/\/api.w.org\/{rel}","templated":true}]}}