{"id":718,"date":"2022-10-19T11:01:46","date_gmt":"2022-10-19T09:01:46","guid":{"rendered":"https:\/\/viscoto.com\/produkt\/weises-handtuch-80x40-cm-ve-50-stuck\/"},"modified":"2026-03-27T16:44:42","modified_gmt":"2026-03-27T15:44:42","slug":"friseurhandtuch-mit-waffelstruktur-80x40-cm-50stk","status":"publish","type":"product","link":"https:\/\/viscoto.com\/de\/produkt\/friseurhandtuch-mit-waffelstruktur-80x40-cm-50stk\/","title":{"rendered":"Friseurhandtuch mit Waffelstruktur 80&#215;40 cm, 50 Stk."},"content":{"rendered":"","protected":false},"excerpt":{"rendered":"<ul>\n<li>\n<ul>\n<li>ein PREMIUM Qualit\u00e4tsprodukt<\/li>\n<li>nur 1 Handtuch pro Kunde<\/li>\n<li>f\u00fcsselfrei<\/li>\n<li>hygienisch<\/li>\n<li>unglaublich weich<\/li>\n<li>100% nat\u00fcrlich<\/li>\n<li>biologisch abbaubar<\/li>\n<li>hypoallergen<\/li>\n<li>vegan<\/li>\n<\/ul>\n<p>Farbe: wei\u00df<\/p>\n<p>Gr\u00f6\u00dfe: 80 x 40 cm<\/p>\n<p>50 St\u00fcck pro Packung<\/p>\n<p>100% Viskose<\/p>\n<p>Anwendung: Friseursalons, Sch\u00f6nheitssalons, Massage, Physiotherapie, SPA, Hundepflege<\/li>\n<\/ul>\n","protected":false},"featured_media":539,"comment_status":"open","ping_status":"closed","template":"","meta":[],"product_brand":[],"product_cat":[15],"product_tag":[],"class_list":{"0":"post-718","1":"product","2":"type-product","3":"status-publish","4":"has-post-thumbnail","6":"product_cat-viscoto","8":"first","9":"instock","10":"shipping-taxable","11":"purchasable","12":"product-type-variable"},"yoast_head":"<!-- This site is optimized with the Yoast SEO plugin v27.3 - https:\/\/yoast.com\/product\/yoast-seo-wordpress\/ -->\n<title>Friseurhandtuch mit Waffelstruktur 80x40 cm, 50 Stk. - Viscoto<\/title>\n<meta name=\"robots\" content=\"index, follow, max-snippet:-1, max-image-preview:large, max-video-preview:-1\" \/>\n<link rel=\"canonical\" href=\"https:\/\/viscoto.com\/de\/produkt\/friseurhandtuch-mit-waffelstruktur-80x40-cm-50stk\/\" \/>\n<meta property=\"og:locale\" content=\"de_DE\" \/>\n<meta property=\"og:type\" content=\"article\" \/>\n<meta property=\"og:title\" content=\"Friseurhandtuch mit Waffelstruktur 80x40 cm, 50 Stk. - Viscoto\" \/>\n<meta property=\"og:description\" content=\"ein PREMIUM Qualit\u00e4tsprodukt  nur 1 Handtuch pro Kunde  f\u00fcsselfrei  hygienisch  unglaublich weich  100% nat\u00fcrlich  biologisch abbaubar  hypoallergen  vegan  Farbe: wei\u00df  Gr\u00f6\u00dfe: 80 x 40 cm  50 St\u00fcck pro Packung  100% Viskose  Anwendung: Friseursalons, Sch\u00f6nheitssalons, Massage, Physiotherapie, SPA, Hundepflege\" \/>\n<meta property=\"og:url\" content=\"https:\/\/viscoto.com\/de\/produkt\/friseurhandtuch-mit-waffelstruktur-80x40-cm-50stk\/\" \/>\n<meta property=\"og:site_name\" content=\"Viscoto\" \/>\n<meta property=\"article:modified_time\" content=\"2026-03-27T15:44:42+00:00\" \/>\n<meta property=\"og:image\" content=\"https:\/\/viscoto.com\/wp-content\/uploads\/2022\/10\/reczniki_41-1.jpg\" \/>\n\t<meta property=\"og:image:width\" content=\"1977\" \/>\n\t<meta property=\"og:image:height\" content=\"1318\" \/>\n\t<meta property=\"og:image:type\" content=\"image\/jpeg\" \/>\n<meta name=\"twitter:card\" content=\"summary_large_image\" \/>\n<script type=\"application\/ld+json\" class=\"yoast-schema-graph\">{\"@context\":\"https:\\\/\\\/schema.org\",\"@graph\":[{\"@type\":\"WebPage\",\"@id\":\"https:\\\/\\\/viscoto.com\\\/de\\\/produkt\\\/friseurhandtuch-mit-waffelstruktur-80x40-cm-50stk\\\/\",\"url\":\"https:\\\/\\\/viscoto.com\\\/de\\\/produkt\\\/friseurhandtuch-mit-waffelstruktur-80x40-cm-50stk\\\/\",\"name\":\"Friseurhandtuch mit Waffelstruktur 80x40 cm, 50 Stk. - Viscoto\",\"isPartOf\":{\"@id\":\"https:\\\/\\\/viscoto.com\\\/#website\"},\"primaryImageOfPage\":{\"@id\":\"https:\\\/\\\/viscoto.com\\\/de\\\/produkt\\\/friseurhandtuch-mit-waffelstruktur-80x40-cm-50stk\\\/#primaryimage\"},\"image\":{\"@id\":\"https:\\\/\\\/viscoto.com\\\/de\\\/produkt\\\/friseurhandtuch-mit-waffelstruktur-80x40-cm-50stk\\\/#primaryimage\"},\"thumbnailUrl\":\"https:\\\/\\\/viscoto.com\\\/wp-content\\\/uploads\\\/2022\\\/10\\\/reczniki_41-1.jpg\",\"datePublished\":\"2022-10-19T09:01:46+00:00\",\"dateModified\":\"2026-03-27T15:44:42+00:00\",\"breadcrumb\":{\"@id\":\"https:\\\/\\\/viscoto.com\\\/de\\\/produkt\\\/friseurhandtuch-mit-waffelstruktur-80x40-cm-50stk\\\/#breadcrumb\"},\"inLanguage\":\"de\",\"potentialAction\":[{\"@type\":\"ReadAction\",\"target\":[\"https:\\\/\\\/viscoto.com\\\/de\\\/produkt\\\/friseurhandtuch-mit-waffelstruktur-80x40-cm-50stk\\\/\"]}]},{\"@type\":\"ImageObject\",\"inLanguage\":\"de\",\"@id\":\"https:\\\/\\\/viscoto.com\\\/de\\\/produkt\\\/friseurhandtuch-mit-waffelstruktur-80x40-cm-50stk\\\/#primaryimage\",\"url\":\"https:\\\/\\\/viscoto.com\\\/wp-content\\\/uploads\\\/2022\\\/10\\\/reczniki_41-1.jpg\",\"contentUrl\":\"https:\\\/\\\/viscoto.com\\\/wp-content\\\/uploads\\\/2022\\\/10\\\/reczniki_41-1.jpg\",\"width\":1977,\"height\":1318},{\"@type\":\"BreadcrumbList\",\"@id\":\"https:\\\/\\\/viscoto.com\\\/de\\\/produkt\\\/friseurhandtuch-mit-waffelstruktur-80x40-cm-50stk\\\/#breadcrumb\",\"itemListElement\":[{\"@type\":\"ListItem\",\"position\":1,\"name\":\"Strona g\u0142\u00f3wna\",\"item\":\"https:\\\/\\\/viscoto.com\\\/de\\\/\"},{\"@type\":\"ListItem\",\"position\":2,\"name\":\"Shop\",\"item\":\"https:\\\/\\\/viscoto.com\\\/de\\\/shop\\\/\"},{\"@type\":\"ListItem\",\"position\":3,\"name\":\"Friseurhandtuch mit Waffelstruktur 80&#215;40 cm, 50 Stk.\"}]},{\"@type\":\"WebSite\",\"@id\":\"https:\\\/\\\/viscoto.com\\\/#website\",\"url\":\"https:\\\/\\\/viscoto.com\\\/\",\"name\":\"Viscoto\",\"description\":\"\",\"potentialAction\":[{\"@type\":\"SearchAction\",\"target\":{\"@type\":\"EntryPoint\",\"urlTemplate\":\"https:\\\/\\\/viscoto.com\\\/?s={search_term_string}\"},\"query-input\":{\"@type\":\"PropertyValueSpecification\",\"valueRequired\":true,\"valueName\":\"search_term_string\"}}],\"inLanguage\":\"de\"}]}<\/script>\n<!-- \/ Yoast SEO plugin. -->","yoast_head_json":{"title":"Friseurhandtuch mit Waffelstruktur 80x40 cm, 50 Stk. - Viscoto","robots":{"index":"index","follow":"follow","max-snippet":"max-snippet:-1","max-image-preview":"max-image-preview:large","max-video-preview":"max-video-preview:-1"},"canonical":"https:\/\/viscoto.com\/de\/produkt\/friseurhandtuch-mit-waffelstruktur-80x40-cm-50stk\/","og_locale":"de_DE","og_type":"article","og_title":"Friseurhandtuch mit Waffelstruktur 80x40 cm, 50 Stk. - Viscoto","og_description":"ein PREMIUM Qualit\u00e4tsprodukt  nur 1 Handtuch pro Kunde  f\u00fcsselfrei  hygienisch  unglaublich weich  100% nat\u00fcrlich  biologisch abbaubar  hypoallergen  vegan  Farbe: wei\u00df  Gr\u00f6\u00dfe: 80 x 40 cm  50 St\u00fcck pro Packung  100% Viskose  Anwendung: Friseursalons, Sch\u00f6nheitssalons, Massage, Physiotherapie, SPA, Hundepflege","og_url":"https:\/\/viscoto.com\/de\/produkt\/friseurhandtuch-mit-waffelstruktur-80x40-cm-50stk\/","og_site_name":"Viscoto","article_modified_time":"2026-03-27T15:44:42+00:00","og_image":[{"width":1977,"height":1318,"url":"https:\/\/viscoto.com\/wp-content\/uploads\/2022\/10\/reczniki_41-1.jpg","type":"image\/jpeg"}],"twitter_card":"summary_large_image","schema":{"@context":"https:\/\/schema.org","@graph":[{"@type":"WebPage","@id":"https:\/\/viscoto.com\/de\/produkt\/friseurhandtuch-mit-waffelstruktur-80x40-cm-50stk\/","url":"https:\/\/viscoto.com\/de\/produkt\/friseurhandtuch-mit-waffelstruktur-80x40-cm-50stk\/","name":"Friseurhandtuch mit Waffelstruktur 80x40 cm, 50 Stk. - Viscoto","isPartOf":{"@id":"https:\/\/viscoto.com\/#website"},"primaryImageOfPage":{"@id":"https:\/\/viscoto.com\/de\/produkt\/friseurhandtuch-mit-waffelstruktur-80x40-cm-50stk\/#primaryimage"},"image":{"@id":"https:\/\/viscoto.com\/de\/produkt\/friseurhandtuch-mit-waffelstruktur-80x40-cm-50stk\/#primaryimage"},"thumbnailUrl":"https:\/\/viscoto.com\/wp-content\/uploads\/2022\/10\/reczniki_41-1.jpg","datePublished":"2022-10-19T09:01:46+00:00","dateModified":"2026-03-27T15:44:42+00:00","breadcrumb":{"@id":"https:\/\/viscoto.com\/de\/produkt\/friseurhandtuch-mit-waffelstruktur-80x40-cm-50stk\/#breadcrumb"},"inLanguage":"de","potentialAction":[{"@type":"ReadAction","target":["https:\/\/viscoto.com\/de\/produkt\/friseurhandtuch-mit-waffelstruktur-80x40-cm-50stk\/"]}]},{"@type":"ImageObject","inLanguage":"de","@id":"https:\/\/viscoto.com\/de\/produkt\/friseurhandtuch-mit-waffelstruktur-80x40-cm-50stk\/#primaryimage","url":"https:\/\/viscoto.com\/wp-content\/uploads\/2022\/10\/reczniki_41-1.jpg","contentUrl":"https:\/\/viscoto.com\/wp-content\/uploads\/2022\/10\/reczniki_41-1.jpg","width":1977,"height":1318},{"@type":"BreadcrumbList","@id":"https:\/\/viscoto.com\/de\/produkt\/friseurhandtuch-mit-waffelstruktur-80x40-cm-50stk\/#breadcrumb","itemListElement":[{"@type":"ListItem","position":1,"name":"Strona g\u0142\u00f3wna","item":"https:\/\/viscoto.com\/de\/"},{"@type":"ListItem","position":2,"name":"Shop","item":"https:\/\/viscoto.com\/de\/shop\/"},{"@type":"ListItem","position":3,"name":"Friseurhandtuch mit Waffelstruktur 80&#215;40 cm, 50 Stk."}]},{"@type":"WebSite","@id":"https:\/\/viscoto.com\/#website","url":"https:\/\/viscoto.com\/","name":"Viscoto","description":"","potentialAction":[{"@type":"SearchAction","target":{"@type":"EntryPoint","urlTemplate":"https:\/\/viscoto.com\/?s={search_term_string}"},"query-input":{"@type":"PropertyValueSpecification","valueRequired":true,"valueName":"search_term_string"}}],"inLanguage":"de"}]}},"_links":{"self":[{"href":"https:\/\/viscoto.com\/de\/wp-json\/wp\/v2\/product\/718","targetHints":{"allow":["GET"]}}],"collection":[{"href":"https:\/\/viscoto.com\/de\/wp-json\/wp\/v2\/product"}],"about":[{"href":"https:\/\/viscoto.com\/de\/wp-json\/wp\/v2\/types\/product"}],"replies":[{"embeddable":true,"href":"https:\/\/viscoto.com\/de\/wp-json\/wp\/v2\/comments?post=718"}],"wp:featuredmedia":[{"embeddable":true,"href":"https:\/\/viscoto.com\/de\/wp-json\/wp\/v2\/media\/539"}],"wp:attachment":[{"href":"https:\/\/viscoto.com\/de\/wp-json\/wp\/v2\/media?parent=718"}],"wp:term":[{"taxonomy":"product_brand","embeddable":true,"href":"https:\/\/viscoto.com\/de\/wp-json\/wp\/v2\/product_brand?post=718"},{"taxonomy":"product_cat","embeddable":true,"href":"https:\/\/viscoto.com\/de\/wp-json\/wp\/v2\/product_cat?post=718"},{"taxonomy":"product_tag","embeddable":true,"href":"https:\/\/viscoto.com\/de\/wp-json\/wp\/v2\/product_tag?post=718"}],"curies":[{"name":"wp","href":"https:\/\/api.w.org\/{rel}","templated":true}]}}