{"id":864,"date":"2022-11-10T13:20:39","date_gmt":"2022-11-10T12:20:39","guid":{"rendered":"https:\/\/viscoto.com\/?page_id=864"},"modified":"2023-07-10T08:50:41","modified_gmt":"2023-07-10T06:50:41","slug":"datenschutzerklaerung","status":"publish","type":"page","link":"https:\/\/viscoto.com\/de\/datenschutzerklaerung\/","title":{"rendered":"Datenschutzerkl\u00e4rung"},"content":{"rendered":"\n<p>1. Die Website sammelt keine Informationen automatisch, mit Ausnahme von Informationen, die in Cookies enthalten sind.<\/p>\n\n\n\n<p>2. Cookie-Dateien (sog. \u201eCookies\u201c) sind IT-Daten, insbesondere Textdateien, die auf dem Endger\u00e4t des Website-Benutzers gespeichert werden und f\u00fcr die Nutzung der Seiten der Website bestimmt sind. Cookies enthalten in der Regel den Namen der Website, von der sie stammen, die Speicherzeit auf dem Endger\u00e4t und eine eindeutige Nummer.<\/p>\n\n\n\n<p>3. Die Stelle, die Cookies auf dem Endger\u00e4t des Benutzers der Website platziert und Zugriff darauf erh\u00e4lt, ist der Betreiber PARO PAULINA WALKOWICZ, Zygmunta Starego Str. 1E \/ 20, 30-198 Krakau, USt.-IdNr.: 7532394084, REGON: 1614685344.<\/p>\n\n\n\n<p>4. Cookies werden f\u00fcr folgende Zwecke verwendet:<\/p>\n\n\n\n<p>a) Anpassung des Inhalts der Seiten der Website an die Pr\u00e4ferenzen des Benutzers und Optimierung der Nutzung von Websites; insbesondere erm\u00f6glichen diese Dateien, das Ger\u00e4t des Benutzers der Website zu erkennen und die Website richtig anzuzeigen, die auf seine individuellen Bed\u00fcrfnisse zugeschnitten ist;<\/p>\n\n\n\n<p>b) Erstellung von Statistiken, die helfen zu verstehen, wie Website-Benutzer Websites nutzen, wodurch ihre Struktur und ihr Inhalt verbessert werden k\u00f6nnen;<\/p>\n\n\n\n<p>c) Aufrechterhaltung der Sitzung des Benutzers der Website (nach dem Einloggen), wodurch der Benutzer den Benutzernamen und das Passwort nicht auf jeder Unterseite der Website erneut eingeben muss;<\/p>\n\n\n\n<p>5. Die Website verwendet zwei grundlegende Arten von Cookies: Sitzungscookies und dauerhafte Cookies. Sitzungscookies sind tempor\u00e4re Dateien, die auf dem Endger\u00e4t des Benutzers gespeichert werden, bis er sich abmeldet, die Website verl\u00e4sst oder die Software (Webbrowser) abschaltet. Persistente Cookies werden auf dem Endger\u00e4t des Benutzers f\u00fcr die in den Parametern der Cookie-Datei angegebene Zeit oder bis zu ihrer L\u00f6schung durch den Benutzer gespeichert.<\/p>\n\n\n\n<p>6. Die Website verwendet die folgenden Arten von Cookies:<\/p>\n\n\n\n<p>a) \u201enotwendige\u201c Cookies, die die Nutzung der auf der Website verf\u00fcgbaren Dienste erm\u00f6glichen, z. B. Authentifizierungs-Cookies, die f\u00fcr Dienste verwendet werden, die eine Authentifizierung auf der Website erfordern;<\/p>\n\n\n\n<p>b) Cookies, die zur Gew\u00e4hrleistung der Sicherheit verwendet werden, z.B. zur Erkennung von Betrug im Bereich der Authentifizierung auf der Website;<\/p>\n\n\n\n<p>c) \u201ePerformance\u201c-Cookies, die das Sammeln von Informationen \u00fcber die Nutzung der Seiten der Website erm\u00f6glichen;<\/p>\n\n\n\n<p>d) \u201efunktionale\u201c Cookies, die das \u201eErinnern\u201c der vom Benutzer gew\u00e4hlten Einstellungen und die Personalisierung der Benutzeroberfl\u00e4che erm\u00f6glichen, z.<\/p>\n\n\n\n<p>e) \u201eWerbe\u201c-Cookies, die es erm\u00f6glichen, den Benutzern Werbeinhalte zu liefern, die besser auf ihre Interessen zugeschnitten sind.<\/p>\n\n\n\n<p>7. In vielen F\u00e4llen erlaubt die zum Durchsuchen von Websites verwendete Software (Webbrowser) standardm\u00e4\u00dfig das Speichern von Cookies auf dem Endger\u00e4t des Benutzers. Die Benutzer der Website k\u00f6nnen ihre Cookie-Einstellungen jederzeit \u00e4ndern. Diese Einstellungen k\u00f6nnen insbesondere so ge\u00e4ndert werden, dass die automatische Behandlung von Cookies in den Einstellungen des Webbrowsers blockiert oder \u00fcber jede Ver\u00f6ffentlichung auf dem Ger\u00e4t des Website-Benutzers informiert wird. Detaillierte Informationen zu den M\u00f6glichkeiten und Methoden zum Umgang mit Cookies finden Sie in den Einstellungen der Software (Webbrowser).<\/p>\n\n\n\n<p>8. Der Website-Betreiber informiert, dass Einschr\u00e4nkungen bei der Verwendung von Cookies einige der auf der Website verf\u00fcgbaren Funktionalit\u00e4ten beeintr\u00e4chtigen k\u00f6nnen.<\/p>\n\n\n\n<p>9. Cookies, die auf dem Endger\u00e4t des Website-Benutzers platziert werden, k\u00f6nnen auch von Werbetreibenden und Partnern verwendet werden, die mit dem Website-Betreiber zusammenarbeiten.<\/p>\n\n\n\n<p>10. Der Administrator Ihrer pers\u00f6nlichen Daten ist PARO PAULINA WALKOWICZ, Zygmunta Starego Str. 1E\/20, 30-198 Krakau, USt.-IdNr.: 7532394084, REGON: 161468534, E-Mail-Adresse: office@viscoto.com. Detaillierte Informationen zur Verarbeitung personenbezogener Daten finden Sie in der Datenschutzerkl\u00e4rung.<\/p>\n","protected":false},"excerpt":{"rendered":"<p>1. Die Website sammelt keine Informationen automatisch, mit Ausnahme von Informationen, die in Cookies enthalten sind. 2. Cookie-Dateien (sog. \u201eCookies\u201c)<\/p>\n","protected":false},"author":1,"featured_media":0,"parent":0,"menu_order":0,"comment_status":"closed","ping_status":"closed","template":"","meta":{"footnotes":""},"class_list":["post-864","page","type-page","status-publish","hentry"],"yoast_head":"<!-- This site is optimized with the Yoast SEO plugin v27.3 - https:\/\/yoast.com\/product\/yoast-seo-wordpress\/ -->\n<title>Datenschutzerkl\u00e4rung - Viscoto<\/title>\n<meta name=\"robots\" content=\"index, follow, max-snippet:-1, max-image-preview:large, max-video-preview:-1\" \/>\n<link rel=\"canonical\" href=\"https:\/\/viscoto.com\/de\/datenschutzerklaerung\/\" \/>\n<meta property=\"og:locale\" content=\"de_DE\" \/>\n<meta property=\"og:type\" content=\"article\" \/>\n<meta property=\"og:title\" content=\"Datenschutzerkl\u00e4rung - Viscoto\" \/>\n<meta property=\"og:description\" content=\"1. Die Website sammelt keine Informationen automatisch, mit Ausnahme von Informationen, die in Cookies enthalten sind. 2. Cookie-Dateien (sog. \u201eCookies\u201c)\" \/>\n<meta property=\"og:url\" content=\"https:\/\/viscoto.com\/de\/datenschutzerklaerung\/\" \/>\n<meta property=\"og:site_name\" content=\"Viscoto\" \/>\n<meta property=\"article:modified_time\" content=\"2023-07-10T06:50:41+00:00\" \/>\n<meta name=\"twitter:card\" content=\"summary_large_image\" \/>\n<meta name=\"twitter:label1\" content=\"Gesch\u00e4tzte Lesezeit\" \/>\n\t<meta name=\"twitter:data1\" content=\"3\u00a0Minuten\" \/>\n<script type=\"application\/ld+json\" class=\"yoast-schema-graph\">{\"@context\":\"https:\\\/\\\/schema.org\",\"@graph\":[{\"@type\":\"WebPage\",\"@id\":\"https:\\\/\\\/viscoto.com\\\/de\\\/datenschutzerklaerung\\\/\",\"url\":\"https:\\\/\\\/viscoto.com\\\/de\\\/datenschutzerklaerung\\\/\",\"name\":\"Datenschutzerkl\u00e4rung - Viscoto\",\"isPartOf\":{\"@id\":\"https:\\\/\\\/viscoto.com\\\/#website\"},\"datePublished\":\"2022-11-10T12:20:39+00:00\",\"dateModified\":\"2023-07-10T06:50:41+00:00\",\"breadcrumb\":{\"@id\":\"https:\\\/\\\/viscoto.com\\\/de\\\/datenschutzerklaerung\\\/#breadcrumb\"},\"inLanguage\":\"de\",\"potentialAction\":[{\"@type\":\"ReadAction\",\"target\":[\"https:\\\/\\\/viscoto.com\\\/de\\\/datenschutzerklaerung\\\/\"]}]},{\"@type\":\"BreadcrumbList\",\"@id\":\"https:\\\/\\\/viscoto.com\\\/de\\\/datenschutzerklaerung\\\/#breadcrumb\",\"itemListElement\":[{\"@type\":\"ListItem\",\"position\":1,\"name\":\"Strona g\u0142\u00f3wna\",\"item\":\"https:\\\/\\\/viscoto.com\\\/de\\\/\"},{\"@type\":\"ListItem\",\"position\":2,\"name\":\"Datenschutzerkl\u00e4rung\"}]},{\"@type\":\"WebSite\",\"@id\":\"https:\\\/\\\/viscoto.com\\\/#website\",\"url\":\"https:\\\/\\\/viscoto.com\\\/\",\"name\":\"Viscoto\",\"description\":\"\",\"potentialAction\":[{\"@type\":\"SearchAction\",\"target\":{\"@type\":\"EntryPoint\",\"urlTemplate\":\"https:\\\/\\\/viscoto.com\\\/?s={search_term_string}\"},\"query-input\":{\"@type\":\"PropertyValueSpecification\",\"valueRequired\":true,\"valueName\":\"search_term_string\"}}],\"inLanguage\":\"de\"}]}<\/script>\n<!-- \/ Yoast SEO plugin. -->","yoast_head_json":{"title":"Datenschutzerkl\u00e4rung - Viscoto","robots":{"index":"index","follow":"follow","max-snippet":"max-snippet:-1","max-image-preview":"max-image-preview:large","max-video-preview":"max-video-preview:-1"},"canonical":"https:\/\/viscoto.com\/de\/datenschutzerklaerung\/","og_locale":"de_DE","og_type":"article","og_title":"Datenschutzerkl\u00e4rung - Viscoto","og_description":"1. Die Website sammelt keine Informationen automatisch, mit Ausnahme von Informationen, die in Cookies enthalten sind. 2. Cookie-Dateien (sog. \u201eCookies\u201c)","og_url":"https:\/\/viscoto.com\/de\/datenschutzerklaerung\/","og_site_name":"Viscoto","article_modified_time":"2023-07-10T06:50:41+00:00","twitter_card":"summary_large_image","twitter_misc":{"Gesch\u00e4tzte Lesezeit":"3\u00a0Minuten"},"schema":{"@context":"https:\/\/schema.org","@graph":[{"@type":"WebPage","@id":"https:\/\/viscoto.com\/de\/datenschutzerklaerung\/","url":"https:\/\/viscoto.com\/de\/datenschutzerklaerung\/","name":"Datenschutzerkl\u00e4rung - Viscoto","isPartOf":{"@id":"https:\/\/viscoto.com\/#website"},"datePublished":"2022-11-10T12:20:39+00:00","dateModified":"2023-07-10T06:50:41+00:00","breadcrumb":{"@id":"https:\/\/viscoto.com\/de\/datenschutzerklaerung\/#breadcrumb"},"inLanguage":"de","potentialAction":[{"@type":"ReadAction","target":["https:\/\/viscoto.com\/de\/datenschutzerklaerung\/"]}]},{"@type":"BreadcrumbList","@id":"https:\/\/viscoto.com\/de\/datenschutzerklaerung\/#breadcrumb","itemListElement":[{"@type":"ListItem","position":1,"name":"Strona g\u0142\u00f3wna","item":"https:\/\/viscoto.com\/de\/"},{"@type":"ListItem","position":2,"name":"Datenschutzerkl\u00e4rung"}]},{"@type":"WebSite","@id":"https:\/\/viscoto.com\/#website","url":"https:\/\/viscoto.com\/","name":"Viscoto","description":"","potentialAction":[{"@type":"SearchAction","target":{"@type":"EntryPoint","urlTemplate":"https:\/\/viscoto.com\/?s={search_term_string}"},"query-input":{"@type":"PropertyValueSpecification","valueRequired":true,"valueName":"search_term_string"}}],"inLanguage":"de"}]}},"_links":{"self":[{"href":"https:\/\/viscoto.com\/de\/wp-json\/wp\/v2\/pages\/864","targetHints":{"allow":["GET"]}}],"collection":[{"href":"https:\/\/viscoto.com\/de\/wp-json\/wp\/v2\/pages"}],"about":[{"href":"https:\/\/viscoto.com\/de\/wp-json\/wp\/v2\/types\/page"}],"author":[{"embeddable":true,"href":"https:\/\/viscoto.com\/de\/wp-json\/wp\/v2\/users\/1"}],"replies":[{"embeddable":true,"href":"https:\/\/viscoto.com\/de\/wp-json\/wp\/v2\/comments?post=864"}],"version-history":[{"count":2,"href":"https:\/\/viscoto.com\/de\/wp-json\/wp\/v2\/pages\/864\/revisions"}],"predecessor-version":[{"id":1085,"href":"https:\/\/viscoto.com\/de\/wp-json\/wp\/v2\/pages\/864\/revisions\/1085"}],"wp:attachment":[{"href":"https:\/\/viscoto.com\/de\/wp-json\/wp\/v2\/media?parent=864"}],"curies":[{"name":"wp","href":"https:\/\/api.w.org\/{rel}","templated":true}]}}