{"id":674,"date":"2022-10-21T10:48:17","date_gmt":"2022-10-21T08:48:17","guid":{"rendered":"https:\/\/viscoto.com\/tourismus-und-erholung\/"},"modified":"2023-07-10T08:51:32","modified_gmt":"2023-07-10T06:51:32","slug":"tourismus-und-erholung","status":"publish","type":"page","link":"https:\/\/viscoto.com\/de\/tourismus-und-erholung\/","title":{"rendered":"TOURISMUS UND ERHOLUNG"},"content":{"rendered":"<div class=\"wpb-content-wrapper\"><p>[vc_row][vc_column]\n\t\t<div id=\"wd-6352697a4803c\" class=\"title-wrapper wd-wpb wd-set-mb reset-last-child  wd-rs-6352697a4803c wd-title-color-default wd-title-style-simple text-center  wd-underline-colored\">\n\t\t\t\n\t\t\t<div class=\"liner-continer\">\n\t\t\t\t<h4 class=\"woodmart-title-container title  wd-font-weight-400 wd-fontsize-xxl\" >TOURISMUS UND ERHOLUNG<\/h4>\n\t\t\t\t\t\t\t<\/div>\n\t\t\t\n\t\t\t\n\t\t\t\n\t\t<\/div>\n\t\t\n\t\t[\/vc_column][\/vc_row][vc_row css=&#8220;.vc_custom_1666345712067{margin-top: 5% !important;padding-bottom: 5% !important;}&#8220; woodmart_css_id=&#8220;63526af366f23&#8243; responsive_spacing=&#8220;eyJwYXJhbV90eXBlIjoid29vZG1hcnRfcmVzcG9uc2l2ZV9zcGFjaW5nIiwic2VsZWN0b3JfaWQiOiI2MzUyNmFmMzY2ZjIzIiwic2hvcnRjb2RlIjoidmNfcm93IiwiZGF0YSI6eyJ0YWJsZXQiOnt9LCJtb2JpbGUiOnt9fX0=&#8220; mobile_bg_img_hidden=&#8220;no&#8220; tablet_bg_img_hidden=&#8220;no&#8220; woodmart_parallax=&#8220;0&#8243; woodmart_gradient_switch=&#8220;no&#8220; woodmart_box_shadow=&#8220;no&#8220; wd_z_index=&#8220;no&#8220; woodmart_disable_overflow=&#8220;0&#8243; row_reverse_mobile=&#8220;0&#8243; row_reverse_tablet=&#8220;0&#8243;][vc_column width=&#8220;1\/2&#8243; offset=&#8220;vc_col-lg-6 vc_col-md-4 vc_col-xs-12&#8243; woodmart_css_id=&#8220;635269acd750a&#8220; parallax_scroll=&#8220;no&#8220; woodmart_sticky_column=&#8220;false&#8220; wd_collapsible_content_switcher=&#8220;no&#8220; mobile_bg_img_hidden=&#8220;no&#8220; tablet_bg_img_hidden=&#8220;no&#8220; woodmart_parallax=&#8220;0&#8243; woodmart_box_shadow=&#8220;no&#8220; mobile_reset_margin=&#8220;no&#8220; tablet_reset_margin=&#8220;no&#8220; wd_z_index=&#8220;no&#8220; responsive_spacing=&#8220;eyJwYXJhbV90eXBlIjoid29vZG1hcnRfcmVzcG9uc2l2ZV9zcGFjaW5nIiwic2VsZWN0b3JfaWQiOiI2MzUyNjlhY2Q3NTBhIiwic2hvcnRjb2RlIjoidmNfY29sdW1uIiwiZGF0YSI6eyJ0YWJsZXQiOnt9LCJtb2JpbGUiOnt9fX0=&#8220; wd_column_role_offcanvas_desktop=&#8220;no&#8220; wd_column_role_offcanvas_tablet=&#8220;no&#8220; wd_column_role_offcanvas_mobile=&#8220;no&#8220; wd_column_role_content_desktop=&#8220;no&#8220; wd_column_role_content_tablet=&#8220;no&#8220; wd_column_role_content_mobile=&#8220;no&#8220;]\t\t<div id=\"wd-635269d75f9a5\" class=\"wd-text-block wd-wpb reset-last-child wd-rs-635269d75f9a5 text-left \">\n\t\t\t<div class=\"wpb_text_column wpb_content_element \">\n<div class=\"wpb_wrapper\">\n<h2>Umweltfreundliche Outdoor-Handt\u00fccher<\/h2>\n<\/div>\n<\/div>\n<div class=\"wpb_text_column wpb_content_element \">\n<div class=\"wpb_wrapper\">\n<p>Egal, ob Sie Ihre Freizeit auf einem Boot, Camping oder an einem anderen Ort im Freien verbringen, es gibt nichts Schlimmeres als gebrauchte und oft stinkende Handt\u00fccher zu lagern oder zu trocknen. Unsere Einweghandt\u00fccher lassen sich nach jedem Gebrauch leicht entsorgen. Das bedeutet, dass Sie sich unterwegs keine Sorgen um das Trocknen von Handt\u00fcchern machen m\u00fcssen.<\/p>\n<\/div>\n<\/div>\n<div class=\"separator small center qode-type1-gradient-left-to-right \"><\/div>\n<div class=\"wpb_text_column wpb_content_element \">\n<div class=\"wpb_wrapper\">\n<p>Unsere \u00f6kologischen VISCOTO-Handt\u00fccher sind die perfekte Wahl, wenn Sie eine Bootsfahrt planen, \u00fcber Nacht campen oder einfach nur Zeit im Freien verbringen. Denn unsere Einweghandt\u00fccher sind einfach zu lagern, hygienisch und wenn Sie unterwegs sind, m\u00fcssen Sie sich keine Sorgen um das Trocknen machen. Einmal verwendet, k\u00f6nnen Handt\u00fccher im Papierkorb entsorgt werden und werden innerhalb von acht bis zw\u00f6lf Wochen biologisch abgebaut, was keine negativen Auswirkungen auf die Umwelt hat.<\/p>\n<\/div>\n<\/div>\n\t\t<\/div>\n\t\t[\/vc_column][vc_column width=&#8220;1\/2&#8243; offset=&#8220;vc_col-lg-6 vc_col-md-4 vc_col-xs-12&#8243; woodmart_css_id=&#8220;635269b3eb00e&#8220; parallax_scroll=&#8220;no&#8220; woodmart_sticky_column=&#8220;false&#8220; wd_collapsible_content_switcher=&#8220;no&#8220; mobile_bg_img_hidden=&#8220;no&#8220; tablet_bg_img_hidden=&#8220;no&#8220; woodmart_parallax=&#8220;0&#8243; woodmart_box_shadow=&#8220;no&#8220; mobile_reset_margin=&#8220;no&#8220; tablet_reset_margin=&#8220;no&#8220; wd_z_index=&#8220;no&#8220; responsive_spacing=&#8220;eyJwYXJhbV90eXBlIjoid29vZG1hcnRfcmVzcG9uc2l2ZV9zcGFjaW5nIiwic2VsZWN0b3JfaWQiOiI2MzUyNjliM2ViMDBlIiwic2hvcnRjb2RlIjoidmNfY29sdW1uIiwiZGF0YSI6eyJ0YWJsZXQiOnt9LCJtb2JpbGUiOnt9fX0=&#8220; wd_column_role_offcanvas_desktop=&#8220;no&#8220; wd_column_role_offcanvas_tablet=&#8220;no&#8220; wd_column_role_offcanvas_mobile=&#8220;no&#8220; wd_column_role_content_desktop=&#8220;no&#8220; wd_column_role_content_tablet=&#8220;no&#8220; wd_column_role_content_mobile=&#8220;no&#8220;]\t\t<div id=\"wd-635269e4b8b9e\" class=\"wd-text-block wd-wpb reset-last-child wd-rs-635269e4b8b9e text-left \">\n\t\t\t<div class=\"vc_row wpb_row section vc_row-fluid vc_custom_1575533078685 grid_section\">\n<div class=\" section_inner clearfix\">\n<div class=\"section_inner_margin clearfix\">\n<div class=\"wpb_column vc_column_container vc_col-sm-12 vc_col-lg-12\">\n<div class=\"vc_column-inner\">\n<div class=\"wpb_wrapper\">\n<div class=\"q_elements_holder one_column responsive_mode_from_768\">\n<div class=\"q_elements_item \" data-768-1024=\"20px\" data-600-768=\"0px\" data-480-600=\"0px\" data-480=\"0px\" data-animation=\"no\" data-item-class=\"q_elements_holder_custom_190959\">\n<div class=\"q_elements_item_inner\">\n<div class=\"q_elements_item_content q_elements_holder_custom_190959\">\n<div class=\"wpb_text_column wpb_content_element \">\n<div class=\"wpb_wrapper\">\n<h2>Hohe Qualit\u00e4t und unvergleichlicher Komfort<\/h2>\n<\/div>\n<\/div>\n<div class=\"wpb_text_column wpb_content_element \">\n<div class=\"wpb_wrapper\">\n<p>Im Gegensatz zu anderen Arten von Einweghandt\u00fcchern bieten unsere Handt\u00fccher unvergleichlichen Komfort. VISCOTO-Handt\u00fccher sind sowohl weicher als auch doppelt so saugf\u00e4hig als traditionelle Baumwollhandt\u00fccher. Die meisten Benutzer unserer Handt\u00fccher k\u00f6nnen nicht angeben, dass es sich um Einweghandt\u00fccher handelt. VISCOTO-Handt\u00fccher sind auch viel hygienischer als traditionelle Handt\u00fccher. Da Sie das Handtuch nach jedem Gebrauch einfach wegwerfen k\u00f6nnen, besteht keine Gefahr der \u00dcbertragung von Keimen und Bakterien. Dar\u00fcber hinaus sind unsere Handt\u00fccher v\u00f6llig hypoallergen.<\/p>\n<\/div>\n<\/div>\n<\/div>\n<\/div>\n<\/div>\n<\/div>\n<\/div>\n<\/div>\n<\/div>\n<\/div>\n<\/div>\n<\/div>\n<div class=\"vc_row wpb_row section vc_row-fluid \">\n<div class=\" full_section_inner clearfix\">\n<div class=\"wpb_column vc_column_container vc_col-sm-12\">\n<div class=\"vc_column-inner\">\n<div class=\"wpb_wrapper\">\n<div class=\"wpb_single_image wpb_content_element vc_align_left\"><\/div>\n<\/div>\n<\/div>\n<\/div>\n<\/div>\n<\/div>\n\t\t<\/div>\n\t\t[\/vc_column][\/vc_row]<\/p>\n<\/div>","protected":false},"excerpt":{"rendered":"<p>[vc_row][vc_column][\/vc_column][\/vc_row][vc_row css=&#8220;.vc_custom_1666345712067{margin-top: 5% !important;padding-bottom: 5% !important;}&#8220; woodmart_css_id=&#8220;63526af366f23&#8243; responsive_spacing=&#8220;eyJwYXJhbV90eXBlIjoid29vZG1hcnRfcmVzcG9uc2l2ZV9zcGFjaW5nIiwic2VsZWN0b3JfaWQiOiI2MzUyNmFmMzY2ZjIzIiwic2hvcnRjb2RlIjoidmNfcm93IiwiZGF0YSI6eyJ0YWJsZXQiOnt9LCJtb2JpbGUiOnt9fX0=&#8220; mobile_bg_img_hidden=&#8220;no&#8220; tablet_bg_img_hidden=&#8220;no&#8220; woodmart_parallax=&#8220;0&#8243; woodmart_gradient_switch=&#8220;no&#8220; woodmart_box_shadow=&#8220;no&#8220; wd_z_index=&#8220;no&#8220; woodmart_disable_overflow=&#8220;0&#8243; row_reverse_mobile=&#8220;0&#8243; row_reverse_tablet=&#8220;0&#8243;][vc_column width=&#8220;1\/2&#8243; offset=&#8220;vc_col-lg-6 vc_col-md-4<\/p>\n","protected":false},"author":1,"featured_media":0,"parent":0,"menu_order":0,"comment_status":"closed","ping_status":"closed","template":"","meta":{"footnotes":""},"class_list":["post-674","page","type-page","status-publish","hentry"],"yoast_head":"<!-- This site is optimized with the Yoast SEO plugin v27.3 - https:\/\/yoast.com\/product\/yoast-seo-wordpress\/ -->\n<title>TOURISMUS UND ERHOLUNG - Viscoto<\/title>\n<meta name=\"robots\" content=\"index, follow, max-snippet:-1, max-image-preview:large, max-video-preview:-1\" \/>\n<link rel=\"canonical\" href=\"https:\/\/viscoto.com\/de\/tourismus-und-erholung\/\" \/>\n<meta property=\"og:locale\" content=\"de_DE\" \/>\n<meta property=\"og:type\" content=\"article\" \/>\n<meta property=\"og:title\" content=\"TOURISMUS UND ERHOLUNG - Viscoto\" \/>\n<meta property=\"og:description\" content=\"[vc_row][vc_column][\/vc_column][\/vc_row][vc_row css=&#8220;.vc_custom_1666345712067{margin-top: 5% !important;padding-bottom: 5% !important;}&#8220; woodmart_css_id=&#8220;63526af366f23&#8243; responsive_spacing=&#8220;eyJwYXJhbV90eXBlIjoid29vZG1hcnRfcmVzcG9uc2l2ZV9zcGFjaW5nIiwic2VsZWN0b3JfaWQiOiI2MzUyNmFmMzY2ZjIzIiwic2hvcnRjb2RlIjoidmNfcm93IiwiZGF0YSI6eyJ0YWJsZXQiOnt9LCJtb2JpbGUiOnt9fX0=&#8220; mobile_bg_img_hidden=&#8220;no&#8220; tablet_bg_img_hidden=&#8220;no&#8220; woodmart_parallax=&#8220;0&#8243; woodmart_gradient_switch=&#8220;no&#8220; woodmart_box_shadow=&#8220;no&#8220; wd_z_index=&#8220;no&#8220; woodmart_disable_overflow=&#8220;0&#8243; row_reverse_mobile=&#8220;0&#8243; row_reverse_tablet=&#8220;0&#8243;][vc_column width=&#8220;1\/2&#8243; offset=&#8220;vc_col-lg-6 vc_col-md-4\" \/>\n<meta property=\"og:url\" content=\"https:\/\/viscoto.com\/de\/tourismus-und-erholung\/\" \/>\n<meta property=\"og:site_name\" content=\"Viscoto\" \/>\n<meta property=\"article:modified_time\" content=\"2023-07-10T06:51:32+00:00\" \/>\n<meta name=\"twitter:card\" content=\"summary_large_image\" \/>\n<meta name=\"twitter:label1\" content=\"Gesch\u00e4tzte Lesezeit\" \/>\n\t<meta name=\"twitter:data1\" content=\"4\u00a0Minuten\" \/>\n<script type=\"application\/ld+json\" class=\"yoast-schema-graph\">{\"@context\":\"https:\\\/\\\/schema.org\",\"@graph\":[{\"@type\":\"WebPage\",\"@id\":\"https:\\\/\\\/viscoto.com\\\/de\\\/tourismus-und-erholung\\\/\",\"url\":\"https:\\\/\\\/viscoto.com\\\/de\\\/tourismus-und-erholung\\\/\",\"name\":\"TOURISMUS UND ERHOLUNG - Viscoto\",\"isPartOf\":{\"@id\":\"https:\\\/\\\/viscoto.com\\\/#website\"},\"datePublished\":\"2022-10-21T08:48:17+00:00\",\"dateModified\":\"2023-07-10T06:51:32+00:00\",\"breadcrumb\":{\"@id\":\"https:\\\/\\\/viscoto.com\\\/de\\\/tourismus-und-erholung\\\/#breadcrumb\"},\"inLanguage\":\"de\",\"potentialAction\":[{\"@type\":\"ReadAction\",\"target\":[\"https:\\\/\\\/viscoto.com\\\/de\\\/tourismus-und-erholung\\\/\"]}]},{\"@type\":\"BreadcrumbList\",\"@id\":\"https:\\\/\\\/viscoto.com\\\/de\\\/tourismus-und-erholung\\\/#breadcrumb\",\"itemListElement\":[{\"@type\":\"ListItem\",\"position\":1,\"name\":\"Strona g\u0142\u00f3wna\",\"item\":\"https:\\\/\\\/viscoto.com\\\/de\\\/\"},{\"@type\":\"ListItem\",\"position\":2,\"name\":\"TOURISMUS UND ERHOLUNG\"}]},{\"@type\":\"WebSite\",\"@id\":\"https:\\\/\\\/viscoto.com\\\/#website\",\"url\":\"https:\\\/\\\/viscoto.com\\\/\",\"name\":\"Viscoto\",\"description\":\"\",\"potentialAction\":[{\"@type\":\"SearchAction\",\"target\":{\"@type\":\"EntryPoint\",\"urlTemplate\":\"https:\\\/\\\/viscoto.com\\\/?s={search_term_string}\"},\"query-input\":{\"@type\":\"PropertyValueSpecification\",\"valueRequired\":true,\"valueName\":\"search_term_string\"}}],\"inLanguage\":\"de\"}]}<\/script>\n<!-- \/ Yoast SEO plugin. -->","yoast_head_json":{"title":"TOURISMUS UND ERHOLUNG - Viscoto","robots":{"index":"index","follow":"follow","max-snippet":"max-snippet:-1","max-image-preview":"max-image-preview:large","max-video-preview":"max-video-preview:-1"},"canonical":"https:\/\/viscoto.com\/de\/tourismus-und-erholung\/","og_locale":"de_DE","og_type":"article","og_title":"TOURISMUS UND ERHOLUNG - Viscoto","og_description":"[vc_row][vc_column][\/vc_column][\/vc_row][vc_row css=&#8220;.vc_custom_1666345712067{margin-top: 5% !important;padding-bottom: 5% !important;}&#8220; woodmart_css_id=&#8220;63526af366f23&#8243; responsive_spacing=&#8220;eyJwYXJhbV90eXBlIjoid29vZG1hcnRfcmVzcG9uc2l2ZV9zcGFjaW5nIiwic2VsZWN0b3JfaWQiOiI2MzUyNmFmMzY2ZjIzIiwic2hvcnRjb2RlIjoidmNfcm93IiwiZGF0YSI6eyJ0YWJsZXQiOnt9LCJtb2JpbGUiOnt9fX0=&#8220; mobile_bg_img_hidden=&#8220;no&#8220; tablet_bg_img_hidden=&#8220;no&#8220; woodmart_parallax=&#8220;0&#8243; woodmart_gradient_switch=&#8220;no&#8220; woodmart_box_shadow=&#8220;no&#8220; wd_z_index=&#8220;no&#8220; woodmart_disable_overflow=&#8220;0&#8243; row_reverse_mobile=&#8220;0&#8243; row_reverse_tablet=&#8220;0&#8243;][vc_column width=&#8220;1\/2&#8243; offset=&#8220;vc_col-lg-6 vc_col-md-4","og_url":"https:\/\/viscoto.com\/de\/tourismus-und-erholung\/","og_site_name":"Viscoto","article_modified_time":"2023-07-10T06:51:32+00:00","twitter_card":"summary_large_image","twitter_misc":{"Gesch\u00e4tzte Lesezeit":"4\u00a0Minuten"},"schema":{"@context":"https:\/\/schema.org","@graph":[{"@type":"WebPage","@id":"https:\/\/viscoto.com\/de\/tourismus-und-erholung\/","url":"https:\/\/viscoto.com\/de\/tourismus-und-erholung\/","name":"TOURISMUS UND ERHOLUNG - Viscoto","isPartOf":{"@id":"https:\/\/viscoto.com\/#website"},"datePublished":"2022-10-21T08:48:17+00:00","dateModified":"2023-07-10T06:51:32+00:00","breadcrumb":{"@id":"https:\/\/viscoto.com\/de\/tourismus-und-erholung\/#breadcrumb"},"inLanguage":"de","potentialAction":[{"@type":"ReadAction","target":["https:\/\/viscoto.com\/de\/tourismus-und-erholung\/"]}]},{"@type":"BreadcrumbList","@id":"https:\/\/viscoto.com\/de\/tourismus-und-erholung\/#breadcrumb","itemListElement":[{"@type":"ListItem","position":1,"name":"Strona g\u0142\u00f3wna","item":"https:\/\/viscoto.com\/de\/"},{"@type":"ListItem","position":2,"name":"TOURISMUS UND ERHOLUNG"}]},{"@type":"WebSite","@id":"https:\/\/viscoto.com\/#website","url":"https:\/\/viscoto.com\/","name":"Viscoto","description":"","potentialAction":[{"@type":"SearchAction","target":{"@type":"EntryPoint","urlTemplate":"https:\/\/viscoto.com\/?s={search_term_string}"},"query-input":{"@type":"PropertyValueSpecification","valueRequired":true,"valueName":"search_term_string"}}],"inLanguage":"de"}]}},"_links":{"self":[{"href":"https:\/\/viscoto.com\/de\/wp-json\/wp\/v2\/pages\/674","targetHints":{"allow":["GET"]}}],"collection":[{"href":"https:\/\/viscoto.com\/de\/wp-json\/wp\/v2\/pages"}],"about":[{"href":"https:\/\/viscoto.com\/de\/wp-json\/wp\/v2\/types\/page"}],"author":[{"embeddable":true,"href":"https:\/\/viscoto.com\/de\/wp-json\/wp\/v2\/users\/1"}],"replies":[{"embeddable":true,"href":"https:\/\/viscoto.com\/de\/wp-json\/wp\/v2\/comments?post=674"}],"version-history":[{"count":3,"href":"https:\/\/viscoto.com\/de\/wp-json\/wp\/v2\/pages\/674\/revisions"}],"predecessor-version":[{"id":1096,"href":"https:\/\/viscoto.com\/de\/wp-json\/wp\/v2\/pages\/674\/revisions\/1096"}],"wp:attachment":[{"href":"https:\/\/viscoto.com\/de\/wp-json\/wp\/v2\/media?parent=674"}],"curies":[{"name":"wp","href":"https:\/\/api.w.org\/{rel}","templated":true}]}}