{"id":671,"date":"2022-10-21T10:48:33","date_gmt":"2022-10-21T08:48:33","guid":{"rendered":"https:\/\/viscoto.com\/sport-und-fitnessstudios\/"},"modified":"2023-07-10T08:51:28","modified_gmt":"2023-07-10T06:51:28","slug":"sport-und-fitnessstudios","status":"publish","type":"page","link":"https:\/\/viscoto.com\/de\/sport-und-fitnessstudios\/","title":{"rendered":"SPORT UND FITNESSSTUDIOS"},"content":{"rendered":"<div class=\"wpb-content-wrapper\"><p>[vc_row][vc_column]\n\t\t<div id=\"wd-63526b493f0a9\" class=\"title-wrapper wd-wpb wd-set-mb reset-last-child  wd-rs-63526b493f0a9 wd-title-color-default wd-title-style-simple text-center  wd-underline-colored\">\n\t\t\t\n\t\t\t<div class=\"liner-continer\">\n\t\t\t\t<h4 class=\"woodmart-title-container title  wd-font-weight-400 wd-fontsize-xxl\" >SPORT UND FITNESSSTUDIOS<\/h4>\n\t\t\t\t\t\t\t<\/div>\n\t\t\t\n\t\t\t\n\t\t\t\n\t\t<\/div>\n\t\t\n\t\t[\/vc_column][\/vc_row][vc_row css=&#8220;.vc_custom_1666345984269{padding-top: 5% !important;padding-bottom: 6% !important;}&#8220; woodmart_css_id=&#8220;63526c04530ac&#8220; responsive_spacing=&#8220;eyJwYXJhbV90eXBlIjoid29vZG1hcnRfcmVzcG9uc2l2ZV9zcGFjaW5nIiwic2VsZWN0b3JfaWQiOiI2MzUyNmMwNDUzMGFjIiwic2hvcnRjb2RlIjoidmNfcm93IiwiZGF0YSI6eyJ0YWJsZXQiOnt9LCJtb2JpbGUiOnt9fX0=&#8220; mobile_bg_img_hidden=&#8220;no&#8220; tablet_bg_img_hidden=&#8220;no&#8220; woodmart_parallax=&#8220;0&#8243; woodmart_gradient_switch=&#8220;no&#8220; woodmart_box_shadow=&#8220;no&#8220; wd_z_index=&#8220;no&#8220; woodmart_disable_overflow=&#8220;0&#8243; row_reverse_mobile=&#8220;0&#8243; row_reverse_tablet=&#8220;0&#8243;][vc_column offset=&#8220;vc_col-lg-4 vc_col-md-4 vc_col-xs-12&#8243; woodmart_css_id=&#8220;61827da0dd6b6&#8243; parallax_scroll=&#8220;no&#8220; woodmart_sticky_column=&#8220;false&#8220; wd_collapsible_content_switcher=&#8220;no&#8220; mobile_bg_img_hidden=&#8220;no&#8220; tablet_bg_img_hidden=&#8220;no&#8220; woodmart_parallax=&#8220;0&#8243; woodmart_box_shadow=&#8220;no&#8220; mobile_reset_margin=&#8220;no&#8220; tablet_reset_margin=&#8220;no&#8220; wd_z_index=&#8220;no&#8220; responsive_spacing=&#8220;eyJwYXJhbV90eXBlIjoid29vZG1hcnRfcmVzcG9uc2l2ZV9zcGFjaW5nIiwic2VsZWN0b3JfaWQiOiI2MTgyN2RhMGRkNmI2Iiwic2hvcnRjb2RlIjoidmNfY29sdW1uIiwiZGF0YSI6eyJ0YWJsZXQiOnt9LCJtb2JpbGUiOnt9fX0=&#8220;]\t\t<div id=\"wd-63526b6ad409e\" class=\"wd-text-block wd-wpb reset-last-child wd-rs-63526b6ad409e text-left \">\n\t\t\t<div class=\"wpb_text_column wpb_content_element \">\n<div class=\"wpb_wrapper\">\n<h2>Umweltfreundliche Fitness- und Sportt\u00fccher von VISCOTO<\/h2>\n<\/div>\n<\/div>\n<div class=\"wpb_text_column wpb_content_element \">\n<div class=\"wpb_wrapper\">\n<p>Im Fitnessstudio dreht sich alles um Menschen, die nach besserer k\u00f6rperlicher Gesundheit und Wohlbefinden streben. Aber auch sonst beherbergt jedes Fitnessstudio oder Sportzentrum Hunderte von Menschen, die alle Zugang zu sauberen und gut ausgestatteten Bade- und Waschr\u00e4umen ben\u00f6tigen. Die Frage in diesem Fall ist, wie Sie Ihre Mitglieder im Fitnessstudio oder Sportzentrum mit den modernsten und hygienischsten Handt\u00fcchern und K\u00f6rperpflegeprodukten versorgen?<\/p>\n<p>Bei der Gestaltung unserer VISCOTO-Handt\u00fccher haben wir versucht, ein Gleichgewicht zwischen den pers\u00f6nlichen Hygieneanforderungen der Sportler und den Gesamtbetriebskosten von Sporthallen und Sportzentren herzustellen. Auf diese Weise ist es uns gelungen, eine Linie von absolut umweltfreundlichen Sportt\u00fcchern zu kreieren, die zu 100% wegwerfbar und unglaublich bequem sind.<\/p>\n<\/div>\n<\/div>\n\t\t<\/div>\n\t\t[\/vc_column][vc_column width=&#8220;1\/2&#8243; offset=&#8220;vc_col-lg-4 vc_col-md-4 vc_col-xs-12&#8243; woodmart_css_id=&#8220;61827dac89f4f&#8220; parallax_scroll=&#8220;no&#8220; woodmart_sticky_column=&#8220;false&#8220; wd_collapsible_content_switcher=&#8220;no&#8220; mobile_bg_img_hidden=&#8220;no&#8220; tablet_bg_img_hidden=&#8220;no&#8220; woodmart_parallax=&#8220;0&#8243; woodmart_box_shadow=&#8220;no&#8220; mobile_reset_margin=&#8220;no&#8220; tablet_reset_margin=&#8220;no&#8220; wd_z_index=&#8220;no&#8220; responsive_spacing=&#8220;eyJwYXJhbV90eXBlIjoid29vZG1hcnRfcmVzcG9uc2l2ZV9zcGFjaW5nIiwic2VsZWN0b3JfaWQiOiI2MTgyN2RhYzg5ZjRmIiwic2hvcnRjb2RlIjoidmNfY29sdW1uIiwiZGF0YSI6eyJ0YWJsZXQiOnt9LCJtb2JpbGUiOnt9fX0=&#8220;]\t\t<div id=\"wd-63526b7f944c8\" class=\"wd-text-block wd-wpb reset-last-child wd-rs-63526b7f944c8 text-left \">\n\t\t\t<div class=\"wpb_text_column wpb_content_element \">\n<div class=\"wpb_wrapper\">\n<h2>Wir helfen Ihnen, h\u00f6chste Sauberkeit und Kundenzufriedenheit zu erreichen.<\/h2>\n<\/div>\n<\/div>\n<div class=\"wpb_text_column wpb_content_element \">\n<div class=\"wpb_wrapper\">\n<p>Jedes unserer Sporthandt\u00fccher ist luxuri\u00f6s weich und hypoallergen. Wahrscheinlich werden Ihre Kunden nicht einmal bemerken, dass das Handtuch, das sie verwenden, wegwerfbar ist. Dies liegt daran, dass es uns im Gegensatz zu anderen Handtuchherstellern von Fitness- und Sportzentren darum geht, Ihren Mitgliedern und Kunden vor allen anderen Dingen makellose Frische und Komfort zu bieten.<\/p>\n<p>Aus diesem Grund ist jedes VISCOTO-Handtuch doppelt so feuchtigkeitsabsorbierend wie jedes normale Handtuch. Da unsere Handt\u00fccher zum Einmalgebrauch bestimmt sind, erscheinen sie im Laufe der Zeit niemals ausgefranst, fleckig oder weniger lebendig.<\/p>\n<\/div>\n<\/div>\n\t\t<\/div>\n\t\t[\/vc_column][vc_column width=&#8220;1\/2&#8243; offset=&#8220;vc_col-lg-4 vc_col-md-4 vc_col-xs-12&#8243; woodmart_css_id=&#8220;61827db7173e9&#8243; parallax_scroll=&#8220;no&#8220; woodmart_sticky_column=&#8220;false&#8220; wd_collapsible_content_switcher=&#8220;no&#8220; mobile_bg_img_hidden=&#8220;no&#8220; tablet_bg_img_hidden=&#8220;no&#8220; woodmart_parallax=&#8220;0&#8243; woodmart_box_shadow=&#8220;no&#8220; mobile_reset_margin=&#8220;no&#8220; tablet_reset_margin=&#8220;no&#8220; wd_z_index=&#8220;no&#8220; responsive_spacing=&#8220;eyJwYXJhbV90eXBlIjoid29vZG1hcnRfcmVzcG9uc2l2ZV9zcGFjaW5nIiwic2VsZWN0b3JfaWQiOiI2MTgyN2RiNzE3M2U5Iiwic2hvcnRjb2RlIjoidmNfY29sdW1uIiwiZGF0YSI6eyJ0YWJsZXQiOnt9LCJtb2JpbGUiOnt9fX0=&#8220;]\t\t<div id=\"wd-63526b8ff167f\" class=\"wd-text-block wd-wpb reset-last-child wd-rs-63526b8ff167f text-left \">\n\t\t\t<div class=\"wpb_text_column wpb_content_element \">\n<div class=\"wpb_wrapper\">\n<h2>Vorteile f\u00fcr Sie als Fitnessstudio-Besitzer<\/h2>\n<\/div>\n<\/div>\n<div class=\"wpb_text_column wpb_content_element \">\n<div class=\"wpb_wrapper\">\n<p>Die Antwort auf die Frage, warum unsere Bio-Handt\u00fccher die richtige Wahl f\u00fcr Ihr Unternehmen sind, ist einfach. Dank der Einmaligkeit unserer Produkte entfallen in Ihrem Fitnessstudio oder Sportzentrum s\u00e4mtliche Waschkosten. Die Unternehmen, mit denen wir zusammenarbeiten, sparen im Durchschnitt bis zu 44% der j\u00e4hrlichen Energiekosten. Dar\u00fcber hinaus kostet das st\u00e4ndige Waschen und Falten von Handt\u00fcchern wertvolle Zeit f\u00fcr Ihre Mitarbeiter, und dank uns haben Sie immer frische Handt\u00fccher zur Verf\u00fcgung.<\/p>\n<\/div>\n<\/div>\n\t\t<\/div>\n\t\t[\/vc_column][\/vc_row]<\/p>\n<\/div>","protected":false},"excerpt":{"rendered":"<p>[vc_row][vc_column][\/vc_column][\/vc_row][vc_row css=&#8220;.vc_custom_1666345984269{padding-top: 5% !important;padding-bottom: 6% !important;}&#8220; woodmart_css_id=&#8220;63526c04530ac&#8220; responsive_spacing=&#8220;eyJwYXJhbV90eXBlIjoid29vZG1hcnRfcmVzcG9uc2l2ZV9zcGFjaW5nIiwic2VsZWN0b3JfaWQiOiI2MzUyNmMwNDUzMGFjIiwic2hvcnRjb2RlIjoidmNfcm93IiwiZGF0YSI6eyJ0YWJsZXQiOnt9LCJtb2JpbGUiOnt9fX0=&#8220; mobile_bg_img_hidden=&#8220;no&#8220; tablet_bg_img_hidden=&#8220;no&#8220; woodmart_parallax=&#8220;0&#8243; woodmart_gradient_switch=&#8220;no&#8220; woodmart_box_shadow=&#8220;no&#8220; wd_z_index=&#8220;no&#8220; woodmart_disable_overflow=&#8220;0&#8243; row_reverse_mobile=&#8220;0&#8243; row_reverse_tablet=&#8220;0&#8243;][vc_column offset=&#8220;vc_col-lg-4 vc_col-md-4 vc_col-xs-12&#8243;<\/p>\n","protected":false},"author":1,"featured_media":0,"parent":0,"menu_order":0,"comment_status":"closed","ping_status":"closed","template":"","meta":{"footnotes":""},"class_list":["post-671","page","type-page","status-publish","hentry"],"yoast_head":"<!-- This site is optimized with the Yoast SEO plugin v27.3 - https:\/\/yoast.com\/product\/yoast-seo-wordpress\/ -->\n<title>SPORT UND FITNESSSTUDIOS - Viscoto<\/title>\n<meta name=\"robots\" content=\"index, follow, max-snippet:-1, max-image-preview:large, max-video-preview:-1\" \/>\n<link rel=\"canonical\" href=\"https:\/\/viscoto.com\/de\/sport-und-fitnessstudios\/\" \/>\n<meta property=\"og:locale\" content=\"de_DE\" \/>\n<meta property=\"og:type\" content=\"article\" \/>\n<meta property=\"og:title\" content=\"SPORT UND FITNESSSTUDIOS - Viscoto\" \/>\n<meta property=\"og:description\" content=\"[vc_row][vc_column][\/vc_column][\/vc_row][vc_row css=&#8220;.vc_custom_1666345984269{padding-top: 5% !important;padding-bottom: 6% !important;}&#8220; woodmart_css_id=&#8220;63526c04530ac&#8220; responsive_spacing=&#8220;eyJwYXJhbV90eXBlIjoid29vZG1hcnRfcmVzcG9uc2l2ZV9zcGFjaW5nIiwic2VsZWN0b3JfaWQiOiI2MzUyNmMwNDUzMGFjIiwic2hvcnRjb2RlIjoidmNfcm93IiwiZGF0YSI6eyJ0YWJsZXQiOnt9LCJtb2JpbGUiOnt9fX0=&#8220; mobile_bg_img_hidden=&#8220;no&#8220; tablet_bg_img_hidden=&#8220;no&#8220; woodmart_parallax=&#8220;0&#8243; woodmart_gradient_switch=&#8220;no&#8220; woodmart_box_shadow=&#8220;no&#8220; wd_z_index=&#8220;no&#8220; woodmart_disable_overflow=&#8220;0&#8243; row_reverse_mobile=&#8220;0&#8243; row_reverse_tablet=&#8220;0&#8243;][vc_column offset=&#8220;vc_col-lg-4 vc_col-md-4 vc_col-xs-12&#8243;\" \/>\n<meta property=\"og:url\" content=\"https:\/\/viscoto.com\/de\/sport-und-fitnessstudios\/\" \/>\n<meta property=\"og:site_name\" content=\"Viscoto\" \/>\n<meta property=\"article:modified_time\" content=\"2023-07-10T06:51:28+00:00\" \/>\n<meta name=\"twitter:card\" content=\"summary_large_image\" \/>\n<meta name=\"twitter:label1\" content=\"Gesch\u00e4tzte Lesezeit\" \/>\n\t<meta name=\"twitter:data1\" content=\"4\u00a0Minuten\" \/>\n<script type=\"application\/ld+json\" class=\"yoast-schema-graph\">{\"@context\":\"https:\\\/\\\/schema.org\",\"@graph\":[{\"@type\":\"WebPage\",\"@id\":\"https:\\\/\\\/viscoto.com\\\/de\\\/sport-und-fitnessstudios\\\/\",\"url\":\"https:\\\/\\\/viscoto.com\\\/de\\\/sport-und-fitnessstudios\\\/\",\"name\":\"SPORT UND FITNESSSTUDIOS - Viscoto\",\"isPartOf\":{\"@id\":\"https:\\\/\\\/viscoto.com\\\/#website\"},\"datePublished\":\"2022-10-21T08:48:33+00:00\",\"dateModified\":\"2023-07-10T06:51:28+00:00\",\"breadcrumb\":{\"@id\":\"https:\\\/\\\/viscoto.com\\\/de\\\/sport-und-fitnessstudios\\\/#breadcrumb\"},\"inLanguage\":\"de\",\"potentialAction\":[{\"@type\":\"ReadAction\",\"target\":[\"https:\\\/\\\/viscoto.com\\\/de\\\/sport-und-fitnessstudios\\\/\"]}]},{\"@type\":\"BreadcrumbList\",\"@id\":\"https:\\\/\\\/viscoto.com\\\/de\\\/sport-und-fitnessstudios\\\/#breadcrumb\",\"itemListElement\":[{\"@type\":\"ListItem\",\"position\":1,\"name\":\"Strona g\u0142\u00f3wna\",\"item\":\"https:\\\/\\\/viscoto.com\\\/de\\\/\"},{\"@type\":\"ListItem\",\"position\":2,\"name\":\"SPORT UND FITNESSSTUDIOS\"}]},{\"@type\":\"WebSite\",\"@id\":\"https:\\\/\\\/viscoto.com\\\/#website\",\"url\":\"https:\\\/\\\/viscoto.com\\\/\",\"name\":\"Viscoto\",\"description\":\"\",\"potentialAction\":[{\"@type\":\"SearchAction\",\"target\":{\"@type\":\"EntryPoint\",\"urlTemplate\":\"https:\\\/\\\/viscoto.com\\\/?s={search_term_string}\"},\"query-input\":{\"@type\":\"PropertyValueSpecification\",\"valueRequired\":true,\"valueName\":\"search_term_string\"}}],\"inLanguage\":\"de\"}]}<\/script>\n<!-- \/ Yoast SEO plugin. -->","yoast_head_json":{"title":"SPORT UND FITNESSSTUDIOS - Viscoto","robots":{"index":"index","follow":"follow","max-snippet":"max-snippet:-1","max-image-preview":"max-image-preview:large","max-video-preview":"max-video-preview:-1"},"canonical":"https:\/\/viscoto.com\/de\/sport-und-fitnessstudios\/","og_locale":"de_DE","og_type":"article","og_title":"SPORT UND FITNESSSTUDIOS - Viscoto","og_description":"[vc_row][vc_column][\/vc_column][\/vc_row][vc_row css=&#8220;.vc_custom_1666345984269{padding-top: 5% !important;padding-bottom: 6% !important;}&#8220; woodmart_css_id=&#8220;63526c04530ac&#8220; responsive_spacing=&#8220;eyJwYXJhbV90eXBlIjoid29vZG1hcnRfcmVzcG9uc2l2ZV9zcGFjaW5nIiwic2VsZWN0b3JfaWQiOiI2MzUyNmMwNDUzMGFjIiwic2hvcnRjb2RlIjoidmNfcm93IiwiZGF0YSI6eyJ0YWJsZXQiOnt9LCJtb2JpbGUiOnt9fX0=&#8220; mobile_bg_img_hidden=&#8220;no&#8220; tablet_bg_img_hidden=&#8220;no&#8220; woodmart_parallax=&#8220;0&#8243; woodmart_gradient_switch=&#8220;no&#8220; woodmart_box_shadow=&#8220;no&#8220; wd_z_index=&#8220;no&#8220; woodmart_disable_overflow=&#8220;0&#8243; row_reverse_mobile=&#8220;0&#8243; row_reverse_tablet=&#8220;0&#8243;][vc_column offset=&#8220;vc_col-lg-4 vc_col-md-4 vc_col-xs-12&#8243;","og_url":"https:\/\/viscoto.com\/de\/sport-und-fitnessstudios\/","og_site_name":"Viscoto","article_modified_time":"2023-07-10T06:51:28+00:00","twitter_card":"summary_large_image","twitter_misc":{"Gesch\u00e4tzte Lesezeit":"4\u00a0Minuten"},"schema":{"@context":"https:\/\/schema.org","@graph":[{"@type":"WebPage","@id":"https:\/\/viscoto.com\/de\/sport-und-fitnessstudios\/","url":"https:\/\/viscoto.com\/de\/sport-und-fitnessstudios\/","name":"SPORT UND FITNESSSTUDIOS - Viscoto","isPartOf":{"@id":"https:\/\/viscoto.com\/#website"},"datePublished":"2022-10-21T08:48:33+00:00","dateModified":"2023-07-10T06:51:28+00:00","breadcrumb":{"@id":"https:\/\/viscoto.com\/de\/sport-und-fitnessstudios\/#breadcrumb"},"inLanguage":"de","potentialAction":[{"@type":"ReadAction","target":["https:\/\/viscoto.com\/de\/sport-und-fitnessstudios\/"]}]},{"@type":"BreadcrumbList","@id":"https:\/\/viscoto.com\/de\/sport-und-fitnessstudios\/#breadcrumb","itemListElement":[{"@type":"ListItem","position":1,"name":"Strona g\u0142\u00f3wna","item":"https:\/\/viscoto.com\/de\/"},{"@type":"ListItem","position":2,"name":"SPORT UND FITNESSSTUDIOS"}]},{"@type":"WebSite","@id":"https:\/\/viscoto.com\/#website","url":"https:\/\/viscoto.com\/","name":"Viscoto","description":"","potentialAction":[{"@type":"SearchAction","target":{"@type":"EntryPoint","urlTemplate":"https:\/\/viscoto.com\/?s={search_term_string}"},"query-input":{"@type":"PropertyValueSpecification","valueRequired":true,"valueName":"search_term_string"}}],"inLanguage":"de"}]}},"_links":{"self":[{"href":"https:\/\/viscoto.com\/de\/wp-json\/wp\/v2\/pages\/671","targetHints":{"allow":["GET"]}}],"collection":[{"href":"https:\/\/viscoto.com\/de\/wp-json\/wp\/v2\/pages"}],"about":[{"href":"https:\/\/viscoto.com\/de\/wp-json\/wp\/v2\/types\/page"}],"author":[{"embeddable":true,"href":"https:\/\/viscoto.com\/de\/wp-json\/wp\/v2\/users\/1"}],"replies":[{"embeddable":true,"href":"https:\/\/viscoto.com\/de\/wp-json\/wp\/v2\/comments?post=671"}],"version-history":[{"count":4,"href":"https:\/\/viscoto.com\/de\/wp-json\/wp\/v2\/pages\/671\/revisions"}],"predecessor-version":[{"id":1095,"href":"https:\/\/viscoto.com\/de\/wp-json\/wp\/v2\/pages\/671\/revisions\/1095"}],"wp:attachment":[{"href":"https:\/\/viscoto.com\/de\/wp-json\/wp\/v2\/media?parent=671"}],"curies":[{"name":"wp","href":"https:\/\/api.w.org\/{rel}","templated":true}]}}