{"id":662,"date":"2022-10-21T10:47:14","date_gmt":"2022-10-21T08:47:14","guid":{"rendered":"https:\/\/viscoto.com\/hundepflege\/"},"modified":"2023-07-10T08:50:57","modified_gmt":"2023-07-10T06:50:57","slug":"hundepflege","status":"publish","type":"page","link":"https:\/\/viscoto.com\/de\/hundepflege\/","title":{"rendered":"HUNDEPFLEGE"},"content":{"rendered":"<div class=\"wpb-content-wrapper\"><p>[vc_row][vc_column]\n\t\t<div id=\"wd-635264e372d5d\" class=\"title-wrapper wd-wpb wd-set-mb reset-last-child  wd-rs-635264e372d5d wd-title-color-default wd-title-style-simple text-center  wd-underline-colored\">\n\t\t\t\n\t\t\t<div class=\"liner-continer\">\n\t\t\t\t<h4 class=\"woodmart-title-container title  wd-font-weight-400 wd-fontsize-xxl\" >HUNDEPFLEGE<\/h4>\n\t\t\t\t\t\t\t<\/div>\n\t\t\t\n\t\t\t\n\t\t\t\n\t\t<\/div>\n\t\t\n\t\t[\/vc_column][\/vc_row][vc_row][vc_column]\n\t\t<div id=\"wd-635264a514aa0\" class=\"title-wrapper wd-wpb wd-set-mb reset-last-child  wd-rs-635264a514aa0 wd-title-color-default wd-title-style-default text-center  wd-underline-colored\">\n\t\t\t\n\t\t\t<div class=\"liner-continer\">\n\t\t\t\t<h4 class=\"woodmart-title-container title  wd-font-weight-400 wd-fontsize-xl\" >Umweltfreundliche Einweg-Hundehandt\u00fccher von Viscoto.<\/h4>\n\t\t\t\t\t\t\t<\/div>\n\t\t\t\n\t\t\t\t\t\t\t<div class=\"title-after_title reset-last-child  wd-fontsize-s\">Sie gehen gerne mit Ihrem Hund spazieren, hassen es aber, nasse Pfotenabdr\u00fccke zu entfernen? Viscoto-Handt\u00fccher sind umweltfreundliche Einweghandt\u00fccher, die leicht und klein genug sind, um sie auf Spazierg\u00e4ngen mitzunehmen, im Auto zu verstauen und Ihr Haus und Auto bei nassen Winterspazierg\u00e4ngen, Sommerspritzern und Hundeb\u00e4dern sauber zu halten.<\/div>\n\t\t\t\n\t\t\t\n\t\t<\/div>\n\t\t\n\t\t[\/vc_column][\/vc_row][vc_row][vc_column offset=&#8220;vc_col-lg-4 vc_col-md-4 vc_col-xs-12&#8243; woodmart_css_id=&#8220;61827da0dd6b6&#8243; parallax_scroll=&#8220;no&#8220; woodmart_sticky_column=&#8220;false&#8220; wd_collapsible_content_switcher=&#8220;no&#8220; mobile_bg_img_hidden=&#8220;no&#8220; tablet_bg_img_hidden=&#8220;no&#8220; woodmart_parallax=&#8220;0&#8243; woodmart_box_shadow=&#8220;no&#8220; mobile_reset_margin=&#8220;no&#8220; tablet_reset_margin=&#8220;no&#8220; wd_z_index=&#8220;no&#8220; responsive_spacing=&#8220;eyJwYXJhbV90eXBlIjoid29vZG1hcnRfcmVzcG9uc2l2ZV9zcGFjaW5nIiwic2VsZWN0b3JfaWQiOiI2MTgyN2RhMGRkNmI2Iiwic2hvcnRjb2RlIjoidmNfY29sdW1uIiwiZGF0YSI6eyJ0YWJsZXQiOnt9LCJtb2JpbGUiOnt9fX0=&#8220;]\t\t<div id=\"wd-6352663e838a1\" class=\"wd-text-block wd-wpb reset-last-child wd-rs-6352663e838a1 text-left \">\n\t\t\t<div class=\"wpb_text_column wpb_content_element \">\n<div class=\"wpb_wrapper\">\n<h2>Warum lohnt es sich, Viscoto-Handt\u00fccher zu w\u00e4hlen?<\/h2>\n<\/div>\n<\/div>\n<div class=\"wpb_text_column wpb_content_element \">\n<div class=\"wpb_wrapper\">\n<ul>\n<li>Taschenformat \u2013 leicht und einfach zum Mitnehmen auf Ihrem Spaziergang<\/li>\n<li>Sicher f\u00fcr Tiere \u2013 aus 100 % Naturfasern, sie enthalten keine Bleichmittel, Pestizide oder Polyester<\/li>\n<li>Umweltfreundlich \u2013 Handt\u00fccher sind innerhalb von 8-12 Wochen zu 100% biologisch abbaubar<\/li>\n<li>Bis zu 40% saugf\u00e4higer als herk\u00f6mmliche Baumwollhandt\u00fccher<\/li>\n<li>Sie hinterlassen keine Fusseln<\/li>\n<li>Hypoallergen<\/li>\n<li>Vegan<\/li>\n<\/ul>\n<\/div>\n<\/div>\n\t\t<\/div>\n\t\t[\/vc_column][vc_column width=&#8220;1\/2&#8243; offset=&#8220;vc_col-lg-4 vc_col-md-4 vc_col-xs-12&#8243; woodmart_css_id=&#8220;61827dac89f4f&#8220; parallax_scroll=&#8220;no&#8220; woodmart_sticky_column=&#8220;false&#8220; wd_collapsible_content_switcher=&#8220;no&#8220; mobile_bg_img_hidden=&#8220;no&#8220; tablet_bg_img_hidden=&#8220;no&#8220; woodmart_parallax=&#8220;0&#8243; woodmart_box_shadow=&#8220;no&#8220; mobile_reset_margin=&#8220;no&#8220; tablet_reset_margin=&#8220;no&#8220; wd_z_index=&#8220;no&#8220; responsive_spacing=&#8220;eyJwYXJhbV90eXBlIjoid29vZG1hcnRfcmVzcG9uc2l2ZV9zcGFjaW5nIiwic2VsZWN0b3JfaWQiOiI2MTgyN2RhYzg5ZjRmIiwic2hvcnRjb2RlIjoidmNfY29sdW1uIiwiZGF0YSI6eyJ0YWJsZXQiOnt9LCJtb2JpbGUiOnt9fX0=&#8220;]\t\t<div id=\"wd-635266596ab86\" class=\"wd-text-block wd-wpb reset-last-child wd-rs-635266596ab86 text-left \">\n\t\t\t<div class=\"wpb_text_column wpb_content_element \">\n<div class=\"wpb_wrapper\">\n<h2>Sicherere und einfachere Pflege von Haustieren<\/h2>\n<\/div>\n<\/div>\n<div class=\"wpb_text_column wpb_content_element \">\n<div class=\"wpb_wrapper\">\n<p>Viscoto Handt\u00fccher sind umweltfreundliche Einweghandt\u00fccher f\u00fcr Haustiere, die super weich, super saugf\u00e4hig und super leicht sind, so dass Sie den schlammigen Spaziergang und den Sandstrand dort lassen k\u00f6nnen, wo er hingeh\u00f6rt\u2026 drau\u00dfen!<\/p>\n<p>Eine Packung enth\u00e4lt 50 Handt\u00fccher, die kompakt und leicht zu verstauen sind. So haben Sie genug Handt\u00fccher, um Ihre vierbeinigen Freunde l\u00e4nger trocken und sauber zu halten.<\/p>\n<\/div>\n<\/div>\n<div class=\"vc_empty_space\"><\/div>\n\t\t<\/div>\n\t\t[\/vc_column][vc_column width=&#8220;1\/2&#8243; offset=&#8220;vc_col-lg-4 vc_col-md-4 vc_col-xs-12&#8243; woodmart_css_id=&#8220;61827db7173e9&#8243; parallax_scroll=&#8220;no&#8220; woodmart_sticky_column=&#8220;false&#8220; wd_collapsible_content_switcher=&#8220;no&#8220; mobile_bg_img_hidden=&#8220;no&#8220; tablet_bg_img_hidden=&#8220;no&#8220; woodmart_parallax=&#8220;0&#8243; woodmart_box_shadow=&#8220;no&#8220; mobile_reset_margin=&#8220;no&#8220; tablet_reset_margin=&#8220;no&#8220; wd_z_index=&#8220;no&#8220; responsive_spacing=&#8220;eyJwYXJhbV90eXBlIjoid29vZG1hcnRfcmVzcG9uc2l2ZV9zcGFjaW5nIiwic2VsZWN0b3JfaWQiOiI2MTgyN2RiNzE3M2U5Iiwic2hvcnRjb2RlIjoidmNfY29sdW1uIiwiZGF0YSI6eyJ0YWJsZXQiOnt9LCJtb2JpbGUiOnt9fX0=&#8220;]\t\t<div id=\"wd-6352666a6d7e6\" class=\"wd-text-block wd-wpb reset-last-child wd-rs-6352666a6d7e6 text-left \">\n\t\t\t<div class=\"vc_row wpb_row section vc_row-fluid vc_custom_1575533014877 grid_section\">\n<div class=\" section_inner clearfix\">\n<div class=\"section_inner_margin clearfix\">\n<div class=\"wpb_column vc_column_container vc_col-sm-12\">\n<div class=\"vc_column-inner\">\n<div class=\"wpb_wrapper\">\n<div class=\"q_elements_holder one_column responsive_mode_from_768\">\n<div class=\"q_elements_item \" data-600-768=\"0px\" data-480-600=\"0px\" data-480=\"0px\" data-animation=\"no\" data-item-class=\"q_elements_holder_custom_708908\">\n<div class=\"q_elements_item_inner\">\n<div class=\"q_elements_item_content q_elements_holder_custom_708908\">\n<div class=\"wpb_text_column wpb_content_element \">\n<div class=\"wpb_wrapper\">\n<h2>VISCOTO Einweghandt\u00fccher und traditionelle Baumwollhandt\u00fccher<\/h2>\n<\/div>\n<\/div>\n<div class=\"wpb_text_column wpb_content_element \">\n<div class=\"wpb_wrapper\">\n<p>Im Gegensatz zu wiederverwendbaren Handt\u00fcchern, die Keime und Flecken nach dem Waschen zur\u00fcckhalten, bieten unsere umweltfreundlichen Handt\u00fccher eine makellose Frische und Sauberkeit. Verabschieden Sie sich von Handt\u00fcchern, die nach mehrmaligem Gebrauch an Volumen und Lebensdauer verlieren, und begr\u00fc\u00dfen Sie eine weichere, hygienischere Alternative.<\/p>\n<\/div>\n<\/div>\n<\/div>\n<\/div>\n<\/div>\n<\/div>\n<\/div>\n<\/div>\n<\/div>\n<\/div>\n<\/div>\n<\/div>\n<div class=\"vc_row wpb_row section vc_row-fluid vc_custom_1571207650080\">\n<div class=\" full_section_inner clearfix\">\n<div class=\"wpb_column vc_column_container vc_col-sm-12\">\n<div class=\"vc_column-inner\">\n<div class=\"wpb_wrapper\">\n<div class=\"wpb_single_image wpb_content_element vc_align_left\"><\/div>\n<\/div>\n<\/div>\n<\/div>\n<\/div>\n<\/div>\n\t\t<\/div>\n\t\t[\/vc_column][\/vc_row]<\/p>\n<\/div>","protected":false},"excerpt":{"rendered":"<p>[vc_row][vc_column][\/vc_column][\/vc_row][vc_row][vc_column][\/vc_column][\/vc_row][vc_row][vc_column offset=&#8220;vc_col-lg-4 vc_col-md-4 vc_col-xs-12&#8243; woodmart_css_id=&#8220;61827da0dd6b6&#8243; parallax_scroll=&#8220;no&#8220; woodmart_sticky_column=&#8220;false&#8220; wd_collapsible_content_switcher=&#8220;no&#8220; mobile_bg_img_hidden=&#8220;no&#8220; tablet_bg_img_hidden=&#8220;no&#8220; woodmart_parallax=&#8220;0&#8243; woodmart_box_shadow=&#8220;no&#8220; mobile_reset_margin=&#8220;no&#8220; tablet_reset_margin=&#8220;no&#8220; wd_z_index=&#8220;no&#8220; responsive_spacing=&#8220;eyJwYXJhbV90eXBlIjoid29vZG1hcnRfcmVzcG9uc2l2ZV9zcGFjaW5nIiwic2VsZWN0b3JfaWQiOiI2MTgyN2RhMGRkNmI2Iiwic2hvcnRjb2RlIjoidmNfY29sdW1uIiwiZGF0YSI6eyJ0YWJsZXQiOnt9LCJtb2JpbGUiOnt9fX0=&#8220;][\/vc_column][vc_column width=&#8220;1\/2&#8243; offset=&#8220;vc_col-lg-4 vc_col-md-4 vc_col-xs-12&#8243;<\/p>\n","protected":false},"author":1,"featured_media":0,"parent":0,"menu_order":0,"comment_status":"closed","ping_status":"closed","template":"","meta":{"footnotes":""},"class_list":["post-662","page","type-page","status-publish","hentry"],"yoast_head":"<!-- This site is optimized with the Yoast SEO plugin v27.3 - https:\/\/yoast.com\/product\/yoast-seo-wordpress\/ -->\n<title>HUNDEPFLEGE - Viscoto<\/title>\n<meta name=\"robots\" content=\"index, follow, max-snippet:-1, max-image-preview:large, max-video-preview:-1\" \/>\n<link rel=\"canonical\" href=\"https:\/\/viscoto.com\/de\/hundepflege\/\" \/>\n<meta property=\"og:locale\" content=\"de_DE\" \/>\n<meta property=\"og:type\" content=\"article\" \/>\n<meta property=\"og:title\" content=\"HUNDEPFLEGE - Viscoto\" \/>\n<meta property=\"og:description\" content=\"[vc_row][vc_column][\/vc_column][\/vc_row][vc_row][vc_column][\/vc_column][\/vc_row][vc_row][vc_column offset=&#8220;vc_col-lg-4 vc_col-md-4 vc_col-xs-12&#8243; woodmart_css_id=&#8220;61827da0dd6b6&#8243; parallax_scroll=&#8220;no&#8220; woodmart_sticky_column=&#8220;false&#8220; wd_collapsible_content_switcher=&#8220;no&#8220; mobile_bg_img_hidden=&#8220;no&#8220; tablet_bg_img_hidden=&#8220;no&#8220; woodmart_parallax=&#8220;0&#8243; woodmart_box_shadow=&#8220;no&#8220; mobile_reset_margin=&#8220;no&#8220; tablet_reset_margin=&#8220;no&#8220; wd_z_index=&#8220;no&#8220; responsive_spacing=&#8220;eyJwYXJhbV90eXBlIjoid29vZG1hcnRfcmVzcG9uc2l2ZV9zcGFjaW5nIiwic2VsZWN0b3JfaWQiOiI2MTgyN2RhMGRkNmI2Iiwic2hvcnRjb2RlIjoidmNfY29sdW1uIiwiZGF0YSI6eyJ0YWJsZXQiOnt9LCJtb2JpbGUiOnt9fX0=&#8220;][\/vc_column][vc_column width=&#8220;1\/2&#8243; offset=&#8220;vc_col-lg-4 vc_col-md-4 vc_col-xs-12&#8243;\" \/>\n<meta property=\"og:url\" content=\"https:\/\/viscoto.com\/de\/hundepflege\/\" \/>\n<meta property=\"og:site_name\" content=\"Viscoto\" \/>\n<meta property=\"article:modified_time\" content=\"2023-07-10T06:50:57+00:00\" \/>\n<meta name=\"twitter:card\" content=\"summary_large_image\" \/>\n<meta name=\"twitter:label1\" content=\"Gesch\u00e4tzte Lesezeit\" \/>\n\t<meta name=\"twitter:data1\" content=\"4\u00a0Minuten\" \/>\n<script type=\"application\/ld+json\" class=\"yoast-schema-graph\">{\"@context\":\"https:\\\/\\\/schema.org\",\"@graph\":[{\"@type\":\"WebPage\",\"@id\":\"https:\\\/\\\/viscoto.com\\\/de\\\/hundepflege\\\/\",\"url\":\"https:\\\/\\\/viscoto.com\\\/de\\\/hundepflege\\\/\",\"name\":\"HUNDEPFLEGE - Viscoto\",\"isPartOf\":{\"@id\":\"https:\\\/\\\/viscoto.com\\\/#website\"},\"datePublished\":\"2022-10-21T08:47:14+00:00\",\"dateModified\":\"2023-07-10T06:50:57+00:00\",\"breadcrumb\":{\"@id\":\"https:\\\/\\\/viscoto.com\\\/de\\\/hundepflege\\\/#breadcrumb\"},\"inLanguage\":\"de\",\"potentialAction\":[{\"@type\":\"ReadAction\",\"target\":[\"https:\\\/\\\/viscoto.com\\\/de\\\/hundepflege\\\/\"]}]},{\"@type\":\"BreadcrumbList\",\"@id\":\"https:\\\/\\\/viscoto.com\\\/de\\\/hundepflege\\\/#breadcrumb\",\"itemListElement\":[{\"@type\":\"ListItem\",\"position\":1,\"name\":\"Strona g\u0142\u00f3wna\",\"item\":\"https:\\\/\\\/viscoto.com\\\/de\\\/\"},{\"@type\":\"ListItem\",\"position\":2,\"name\":\"HUNDEPFLEGE\"}]},{\"@type\":\"WebSite\",\"@id\":\"https:\\\/\\\/viscoto.com\\\/#website\",\"url\":\"https:\\\/\\\/viscoto.com\\\/\",\"name\":\"Viscoto\",\"description\":\"\",\"potentialAction\":[{\"@type\":\"SearchAction\",\"target\":{\"@type\":\"EntryPoint\",\"urlTemplate\":\"https:\\\/\\\/viscoto.com\\\/?s={search_term_string}\"},\"query-input\":{\"@type\":\"PropertyValueSpecification\",\"valueRequired\":true,\"valueName\":\"search_term_string\"}}],\"inLanguage\":\"de\"}]}<\/script>\n<!-- \/ Yoast SEO plugin. -->","yoast_head_json":{"title":"HUNDEPFLEGE - Viscoto","robots":{"index":"index","follow":"follow","max-snippet":"max-snippet:-1","max-image-preview":"max-image-preview:large","max-video-preview":"max-video-preview:-1"},"canonical":"https:\/\/viscoto.com\/de\/hundepflege\/","og_locale":"de_DE","og_type":"article","og_title":"HUNDEPFLEGE - Viscoto","og_description":"[vc_row][vc_column][\/vc_column][\/vc_row][vc_row][vc_column][\/vc_column][\/vc_row][vc_row][vc_column offset=&#8220;vc_col-lg-4 vc_col-md-4 vc_col-xs-12&#8243; woodmart_css_id=&#8220;61827da0dd6b6&#8243; parallax_scroll=&#8220;no&#8220; woodmart_sticky_column=&#8220;false&#8220; wd_collapsible_content_switcher=&#8220;no&#8220; mobile_bg_img_hidden=&#8220;no&#8220; tablet_bg_img_hidden=&#8220;no&#8220; woodmart_parallax=&#8220;0&#8243; woodmart_box_shadow=&#8220;no&#8220; mobile_reset_margin=&#8220;no&#8220; tablet_reset_margin=&#8220;no&#8220; wd_z_index=&#8220;no&#8220; responsive_spacing=&#8220;eyJwYXJhbV90eXBlIjoid29vZG1hcnRfcmVzcG9uc2l2ZV9zcGFjaW5nIiwic2VsZWN0b3JfaWQiOiI2MTgyN2RhMGRkNmI2Iiwic2hvcnRjb2RlIjoidmNfY29sdW1uIiwiZGF0YSI6eyJ0YWJsZXQiOnt9LCJtb2JpbGUiOnt9fX0=&#8220;][\/vc_column][vc_column width=&#8220;1\/2&#8243; offset=&#8220;vc_col-lg-4 vc_col-md-4 vc_col-xs-12&#8243;","og_url":"https:\/\/viscoto.com\/de\/hundepflege\/","og_site_name":"Viscoto","article_modified_time":"2023-07-10T06:50:57+00:00","twitter_card":"summary_large_image","twitter_misc":{"Gesch\u00e4tzte Lesezeit":"4\u00a0Minuten"},"schema":{"@context":"https:\/\/schema.org","@graph":[{"@type":"WebPage","@id":"https:\/\/viscoto.com\/de\/hundepflege\/","url":"https:\/\/viscoto.com\/de\/hundepflege\/","name":"HUNDEPFLEGE - Viscoto","isPartOf":{"@id":"https:\/\/viscoto.com\/#website"},"datePublished":"2022-10-21T08:47:14+00:00","dateModified":"2023-07-10T06:50:57+00:00","breadcrumb":{"@id":"https:\/\/viscoto.com\/de\/hundepflege\/#breadcrumb"},"inLanguage":"de","potentialAction":[{"@type":"ReadAction","target":["https:\/\/viscoto.com\/de\/hundepflege\/"]}]},{"@type":"BreadcrumbList","@id":"https:\/\/viscoto.com\/de\/hundepflege\/#breadcrumb","itemListElement":[{"@type":"ListItem","position":1,"name":"Strona g\u0142\u00f3wna","item":"https:\/\/viscoto.com\/de\/"},{"@type":"ListItem","position":2,"name":"HUNDEPFLEGE"}]},{"@type":"WebSite","@id":"https:\/\/viscoto.com\/#website","url":"https:\/\/viscoto.com\/","name":"Viscoto","description":"","potentialAction":[{"@type":"SearchAction","target":{"@type":"EntryPoint","urlTemplate":"https:\/\/viscoto.com\/?s={search_term_string}"},"query-input":{"@type":"PropertyValueSpecification","valueRequired":true,"valueName":"search_term_string"}}],"inLanguage":"de"}]}},"_links":{"self":[{"href":"https:\/\/viscoto.com\/de\/wp-json\/wp\/v2\/pages\/662","targetHints":{"allow":["GET"]}}],"collection":[{"href":"https:\/\/viscoto.com\/de\/wp-json\/wp\/v2\/pages"}],"about":[{"href":"https:\/\/viscoto.com\/de\/wp-json\/wp\/v2\/types\/page"}],"author":[{"embeddable":true,"href":"https:\/\/viscoto.com\/de\/wp-json\/wp\/v2\/users\/1"}],"replies":[{"embeddable":true,"href":"https:\/\/viscoto.com\/de\/wp-json\/wp\/v2\/comments?post=662"}],"version-history":[{"count":4,"href":"https:\/\/viscoto.com\/de\/wp-json\/wp\/v2\/pages\/662\/revisions"}],"predecessor-version":[{"id":1089,"href":"https:\/\/viscoto.com\/de\/wp-json\/wp\/v2\/pages\/662\/revisions\/1089"}],"wp:attachment":[{"href":"https:\/\/viscoto.com\/de\/wp-json\/wp\/v2\/media?parent=662"}],"curies":[{"name":"wp","href":"https:\/\/api.w.org\/{rel}","templated":true}]}}