{"id":658,"date":"2022-10-18T11:46:26","date_gmt":"2022-10-18T09:46:26","guid":{"rendered":"https:\/\/viscoto.com\/vorteile\/"},"modified":"2023-07-10T08:51:37","modified_gmt":"2023-07-10T06:51:37","slug":"vorteile","status":"publish","type":"page","link":"https:\/\/viscoto.com\/de\/vorteile\/","title":{"rendered":"Vorteile"},"content":{"rendered":"<div class=\"wpb-content-wrapper\"><p>[vc_row][vc_column]\n\t\t<div id=\"wd-635271c34fc94\" class=\"title-wrapper wd-wpb wd-set-mb reset-last-child  wd-rs-635271c34fc94 wd-title-color-default wd-title-style-simple text-center  wd-underline-colored\">\n\t\t\t\n\t\t\t<div class=\"liner-continer\">\n\t\t\t\t<h4 class=\"woodmart-title-container title  wd-font-weight-400 wd-fontsize-xxl\" >Vorteile<\/h4>\n\t\t\t\t\t\t\t<\/div>\n\t\t\t\n\t\t\t\n\t\t\t\n\t\t<\/div>\n\t\t\n\t\t[\/vc_column][\/vc_row][vc_row gap=&#8220;30&#8243; content_placement=&#8220;middle&#8220; woodmart_css_id=&#8220;635272923d7d4&#8243; responsive_spacing=&#8220;eyJwYXJhbV90eXBlIjoid29vZG1hcnRfcmVzcG9uc2l2ZV9zcGFjaW5nIiwic2VsZWN0b3JfaWQiOiI2MzUyNzI5MjNkN2Q0Iiwic2hvcnRjb2RlIjoidmNfcm93IiwiZGF0YSI6eyJ0YWJsZXQiOnt9LCJtb2JpbGUiOnt9fX0=&#8220; mobile_bg_img_hidden=&#8220;no&#8220; tablet_bg_img_hidden=&#8220;no&#8220; woodmart_parallax=&#8220;0&#8243; woodmart_gradient_switch=&#8220;no&#8220; woodmart_box_shadow=&#8220;no&#8220; wd_z_index=&#8220;no&#8220; woodmart_disable_overflow=&#8220;0&#8243; row_reverse_mobile=&#8220;0&#8243; row_reverse_tablet=&#8220;0&#8243; css=&#8220;.vc_custom_1666347661000{padding-top: 3% !important;padding-bottom: 3% !important;}&#8220;][vc_column width=&#8220;1\/2&#8243; woodmart_text_align=&#8220;left&#8220; woodmart_css_id=&#8220;635fc2a08d2c8&#8243; parallax_scroll=&#8220;no&#8220; woodmart_sticky_column=&#8220;false&#8220; wd_collapsible_content_switcher=&#8220;no&#8220; wd_column_role_offcanvas_desktop=&#8220;no&#8220; wd_column_role_offcanvas_tablet=&#8220;no&#8220; wd_column_role_offcanvas_mobile=&#8220;no&#8220; wd_column_role_content_desktop=&#8220;no&#8220; wd_column_role_content_tablet=&#8220;no&#8220; wd_column_role_content_mobile=&#8220;no&#8220; mobile_bg_img_hidden=&#8220;no&#8220; tablet_bg_img_hidden=&#8220;no&#8220; woodmart_parallax=&#8220;0&#8243; woodmart_box_shadow=&#8220;no&#8220; responsive_spacing=&#8220;eyJwYXJhbV90eXBlIjoid29vZG1hcnRfcmVzcG9uc2l2ZV9zcGFjaW5nIiwic2VsZWN0b3JfaWQiOiI2MzVmYzJhMDhkMmM4Iiwic2hvcnRjb2RlIjoidmNfY29sdW1uIiwiZGF0YSI6eyJ0YWJsZXQiOnt9LCJtb2JpbGUiOnt9fX0=&#8220; mobile_reset_margin=&#8220;no&#8220; tablet_reset_margin=&#8220;no&#8220; wd_z_index=&#8220;no&#8220;]\n\t\t<div id=\"wd-635271da44085\" class=\"title-wrapper wd-wpb wd-set-mb reset-last-child  wd-rs-635271da44085 wd-title-color-default wd-title-style-simple text-left  wd-width-enabled wd-underline-colored\" style=\"--wd-max-width: 80%;\">\n\t\t\t\n\t\t\t<div class=\"liner-continer\">\n\t\t\t\t<h4 class=\"woodmart-title-container title  wd-font-weight-400 wd-fontsize-xl\" >VISCOTO Einweghandt\u00fccher sind f\u00fcr Sie da, wenn Sie m\u00f6chten:<\/h4>\n\t\t\t\t\t\t\t<\/div>\n\t\t\t\n\t\t\t\n\t\t\t\n\t\t<\/div>\n\t\t\n\t\t\t\t<div id=\"wd-635fc2926b283\" class=\"wd-text-block wd-wpb reset-last-child wd-rs-635fc2926b283 text-left \">\n\t\t\t<div class=\"wpb_column vc_column_container vc_col-sm-6\">\n<div class=\"vc_column-inner\">\n<div class=\"wpb_wrapper\">\n<div class=\"q_elements_holder one_column responsive_mode_from_768\">\n<div class=\"q_elements_item \" data-600-768=\"40px 0px 0px\" data-480-600=\"40px 0px 0px\" data-480=\"40px 0px 0px\" data-animation=\"no\" data-item-class=\"q_elements_holder_custom_254386\">\n<div class=\"q_elements_item_inner\">\n<div class=\"q_elements_item_content q_elements_holder_custom_254386\">\n<div class=\"wpb_text_column wpb_content_element \">\n<div class=\"wpb_wrapper\">\n<ul>\n<li>einen exzellenten Service f\u00fcr Kunden bieten<\/li>\n<li>Zeit mit Kunden verbringen, nicht bei der Reinigung<\/li>\n<li>die h\u00f6chsten Hygienestandards erf\u00fcllen<\/li>\n<li>die t\u00e4gliche W\u00e4sche von traditionellen Handt\u00fcchern beenden<\/li>\n<li>Geld sparen<\/li>\n<\/ul>\n<\/div>\n<\/div>\n<\/div>\n<\/div>\n<\/div>\n<\/div>\n<\/div>\n<\/div>\n<\/div>\n\t\t<\/div>\n\t\t[\/vc_column][vc_column width=&#8220;1\/2&#8243;][vc_single_image image=&#8220;587&#8243; img_size=&#8220;full&#8220; parallax_scroll=&#8220;no&#8220; woodmart_inline=&#8220;no&#8220;][\/vc_column][\/vc_row][vc_row full_width=&#8220;stretch_row&#8220; gap=&#8220;30&#8243; content_placement=&#8220;middle&#8220; woodmart_css_id=&#8220;635272a043acc&#8220; responsive_spacing=&#8220;eyJwYXJhbV90eXBlIjoid29vZG1hcnRfcmVzcG9uc2l2ZV9zcGFjaW5nIiwic2VsZWN0b3JfaWQiOiI2MzUyNzJhMDQzYWNjIiwic2hvcnRjb2RlIjoidmNfcm93IiwiZGF0YSI6eyJ0YWJsZXQiOnt9LCJtb2JpbGUiOnt9fX0=&#8220; mobile_bg_img_hidden=&#8220;no&#8220; tablet_bg_img_hidden=&#8220;no&#8220; woodmart_parallax=&#8220;0&#8243; woodmart_gradient_switch=&#8220;no&#8220; woodmart_box_shadow=&#8220;no&#8220; wd_z_index=&#8220;no&#8220; woodmart_disable_overflow=&#8220;0&#8243; row_reverse_mobile=&#8220;0&#8243; row_reverse_tablet=&#8220;0&#8243; css=&#8220;.vc_custom_1666347673620{padding-top: 3% !important;padding-bottom: 3% !important;background-color: #eaeaea !important;}&#8220;][vc_column width=&#8220;1\/2&#8243;][vc_single_image image=&#8220;743&#8243; img_size=&#8220;full&#8220; parallax_scroll=&#8220;no&#8220; woodmart_inline=&#8220;no&#8220;][\/vc_column][vc_column width=&#8220;1\/2&#8243;]\n\t\t<div id=\"wd-635272251c0fb\" class=\"title-wrapper wd-wpb wd-set-mb reset-last-child  wd-rs-635272251c0fb wd-title-color-default wd-title-style-simple text-left  wd-width-enabled wd-underline-colored\" style=\"--wd-max-width: 80%;\">\n\t\t\t\n\t\t\t<div class=\"liner-continer\">\n\t\t\t\t<h4 class=\"woodmart-title-container title  wd-font-weight-400 wd-fontsize-xl\" >Vorteile f\u00fcr Deine Mitarbeiter<\/h4>\n\t\t\t\t\t\t\t<\/div>\n\t\t\t\n\t\t\t\n\t\t\t\n\t\t<\/div>\n\t\t\n\t\t\t\t<div id=\"wd-635271f638a0f\" class=\"wd-text-block wd-wpb reset-last-child wd-rs-635271f638a0f text-left \">\n\t\t\t<div class=\"wpb_text_column wpb_content_element \">\n<div class=\"wpb_wrapper\">\n<ul>\n<li>Weniger Zeit verbracht am Waschen<\/li>\n<li>Mehr Zeit f\u00fcr Kunden, Schulungen oder Pausen<\/li>\n<li>Mehr Kunden: Kunden sind sich heute mehr denn je der Umweltauswirkungen ihres Kaufverhaltens bewusst<\/li>\n<\/ul>\n<\/div>\n<\/div>\n\t\t<\/div>\n\t\t\n\t\t<div id=\"wd-63527214b5315\" class=\"title-wrapper wd-wpb wd-set-mb reset-last-child  wd-rs-63527214b5315 wd-title-color-default wd-title-style-simple text-left  wd-width-enabled wd-underline-colored\" style=\"--wd-max-width: 80%;\">\n\t\t\t\n\t\t\t<div class=\"liner-continer\">\n\t\t\t\t<h4 class=\"woodmart-title-container title  wd-font-weight-400 wd-fontsize-xl\" >Vorteile f\u00fcr Deine Kunden<\/h4>\n\t\t\t\t\t\t\t<\/div>\n\t\t\t\n\t\t\t\n\t\t\t\n\t\t<\/div>\n\t\t\n\t\t\t\t<div id=\"wd-635272c9ae85b\" class=\"wd-text-block wd-wpb reset-last-child wd-rs-635272c9ae85b text-left \">\n\t\t\t<div class=\"wpb_text_column wpb_content_element \">\n<div class=\"wpb_wrapper\">\n<ul>\n<li>neues Handtuch f\u00fcr jeden Kunden<\/li>\n<li>100% hygienisch, kein Risiko von Kreuzinfektionen<\/li>\n<li>keine unangenehmen Ger\u00fcche und Flecken<\/li>\n<\/ul>\n<\/div>\n<\/div>\n\t\t<\/div>\n\t\t[\/vc_column][\/vc_row][vc_row full_width=&#8220;stretch_row&#8220; gap=&#8220;30&#8243; content_placement=&#8220;middle&#8220; woodmart_css_id=&#8220;635272e0923b2&#8243; responsive_spacing=&#8220;eyJwYXJhbV90eXBlIjoid29vZG1hcnRfcmVzcG9uc2l2ZV9zcGFjaW5nIiwic2VsZWN0b3JfaWQiOiI2MzUyNzJlMDkyM2IyIiwic2hvcnRjb2RlIjoidmNfcm93IiwiZGF0YSI6eyJ0YWJsZXQiOnt9LCJtb2JpbGUiOnt9fX0=&#8220; mobile_bg_img_hidden=&#8220;no&#8220; tablet_bg_img_hidden=&#8220;no&#8220; woodmart_parallax=&#8220;0&#8243; woodmart_gradient_switch=&#8220;no&#8220; woodmart_box_shadow=&#8220;no&#8220; wd_z_index=&#8220;no&#8220; woodmart_disable_overflow=&#8220;0&#8243; row_reverse_mobile=&#8220;0&#8243; row_reverse_tablet=&#8220;0&#8243; css=&#8220;.vc_custom_1666347741969{padding-top: 3% !important;padding-bottom: 3% !important;}&#8220;][vc_column width=&#8220;1\/2&#8243;]\n\t\t<div id=\"wd-63527258a3ada\" class=\"title-wrapper wd-wpb wd-set-mb reset-last-child  wd-rs-63527258a3ada wd-title-color-default wd-title-style-simple text-left  wd-width-enabled wd-underline-colored\" style=\"--wd-max-width: 80%;\">\n\t\t\t\n\t\t\t<div class=\"liner-continer\">\n\t\t\t\t<h4 class=\"woodmart-title-container title  wd-font-weight-400 wd-fontsize-xl\" >Vorteile f\u00fcr Gesch\u00e4ftsinhaber<\/h4>\n\t\t\t\t\t\t\t<\/div>\n\t\t\t\n\t\t\t\n\t\t\t\n\t\t<\/div>\n\t\t\n\t\t\t\t<div id=\"wd-63763ee5a9144\" class=\"wd-text-block wd-wpb reset-last-child wd-rs-63763ee5a9144 text-left \">\n\t\t\t<ul>\n<li>ein ausgezeichneter Service f\u00fcr jeden Kunden \u2013 jedes Handtuch ist neu<\/li>\n<li>weniger Geld f\u00fcr W\u00e4sche, Wasser und Strom<\/li>\n<li>Waschmaschinen nehmen wertvollen Platz ein. Wenn Sie sie entfernen, stehen Ihnen mehr Arbeitspl\u00e4tze zur Verf\u00fcgung, ohne dass Sie mehr f\u00fcr Miete ausgeben m\u00fcssen<\/li>\n<li>Ihre Mitarbeiter verbringen mehr Zeit mit Kunden, und nicht bei Reinigung<\/li>\n<li>Sie k\u00f6nnen die Umweltfreundlichkeit Ihres Unternehmens mit biologisch abbaubaren Handt\u00fcchern vermarkten<\/li>\n<li>Millionen von Menschen ziehen es vor, Produkte und<\/li>\n<li>Dienstleistungen von einem Unternehmen mit einem guten Ruf im Umweltbereich zu kaufen<\/li>\n<\/ul>\n\t\t<\/div>\n\t\t[\/vc_column][vc_column width=&#8220;1\/2&#8243;][vc_single_image image=&#8220;749&#8243; img_size=&#8220;full&#8220; parallax_scroll=&#8220;no&#8220; woodmart_inline=&#8220;no&#8220;][\/vc_column][\/vc_row]<\/p>\n<\/div>","protected":false},"excerpt":{"rendered":"<p>[vc_row][vc_column][\/vc_column][\/vc_row][vc_row gap=&#8220;30&#8243; content_placement=&#8220;middle&#8220; woodmart_css_id=&#8220;635272923d7d4&#8243; responsive_spacing=&#8220;eyJwYXJhbV90eXBlIjoid29vZG1hcnRfcmVzcG9uc2l2ZV9zcGFjaW5nIiwic2VsZWN0b3JfaWQiOiI2MzUyNzI5MjNkN2Q0Iiwic2hvcnRjb2RlIjoidmNfcm93IiwiZGF0YSI6eyJ0YWJsZXQiOnt9LCJtb2JpbGUiOnt9fX0=&#8220; mobile_bg_img_hidden=&#8220;no&#8220; tablet_bg_img_hidden=&#8220;no&#8220; woodmart_parallax=&#8220;0&#8243; woodmart_gradient_switch=&#8220;no&#8220; woodmart_box_shadow=&#8220;no&#8220; wd_z_index=&#8220;no&#8220; woodmart_disable_overflow=&#8220;0&#8243; row_reverse_mobile=&#8220;0&#8243; row_reverse_tablet=&#8220;0&#8243; css=&#8220;.vc_custom_1666347661000{padding-top: 3% !important;padding-bottom: 3% !important;}&#8220;][vc_column width=&#8220;1\/2&#8243;<\/p>\n","protected":false},"author":1,"featured_media":0,"parent":0,"menu_order":0,"comment_status":"closed","ping_status":"closed","template":"","meta":{"footnotes":""},"class_list":["post-658","page","type-page","status-publish","hentry"],"yoast_head":"<!-- This site is optimized with the Yoast SEO plugin v27.3 - https:\/\/yoast.com\/product\/yoast-seo-wordpress\/ -->\n<title>Vorteile - Viscoto<\/title>\n<meta name=\"robots\" content=\"index, follow, max-snippet:-1, max-image-preview:large, max-video-preview:-1\" \/>\n<link rel=\"canonical\" href=\"https:\/\/viscoto.com\/de\/vorteile\/\" \/>\n<meta property=\"og:locale\" content=\"de_DE\" \/>\n<meta property=\"og:type\" content=\"article\" \/>\n<meta property=\"og:title\" content=\"Vorteile - Viscoto\" \/>\n<meta property=\"og:description\" content=\"[vc_row][vc_column][\/vc_column][\/vc_row][vc_row gap=&#8220;30&#8243; content_placement=&#8220;middle&#8220; woodmart_css_id=&#8220;635272923d7d4&#8243; responsive_spacing=&#8220;eyJwYXJhbV90eXBlIjoid29vZG1hcnRfcmVzcG9uc2l2ZV9zcGFjaW5nIiwic2VsZWN0b3JfaWQiOiI2MzUyNzI5MjNkN2Q0Iiwic2hvcnRjb2RlIjoidmNfcm93IiwiZGF0YSI6eyJ0YWJsZXQiOnt9LCJtb2JpbGUiOnt9fX0=&#8220; mobile_bg_img_hidden=&#8220;no&#8220; tablet_bg_img_hidden=&#8220;no&#8220; woodmart_parallax=&#8220;0&#8243; woodmart_gradient_switch=&#8220;no&#8220; woodmart_box_shadow=&#8220;no&#8220; wd_z_index=&#8220;no&#8220; woodmart_disable_overflow=&#8220;0&#8243; row_reverse_mobile=&#8220;0&#8243; row_reverse_tablet=&#8220;0&#8243; css=&#8220;.vc_custom_1666347661000{padding-top: 3% !important;padding-bottom: 3% !important;}&#8220;][vc_column width=&#8220;1\/2&#8243;\" \/>\n<meta property=\"og:url\" content=\"https:\/\/viscoto.com\/de\/vorteile\/\" \/>\n<meta property=\"og:site_name\" content=\"Viscoto\" \/>\n<meta property=\"article:modified_time\" content=\"2023-07-10T06:51:37+00:00\" \/>\n<meta name=\"twitter:card\" content=\"summary_large_image\" \/>\n<meta name=\"twitter:label1\" content=\"Gesch\u00e4tzte Lesezeit\" \/>\n\t<meta name=\"twitter:data1\" content=\"2\u00a0Minuten\" \/>\n<script type=\"application\/ld+json\" class=\"yoast-schema-graph\">{\"@context\":\"https:\\\/\\\/schema.org\",\"@graph\":[{\"@type\":\"WebPage\",\"@id\":\"https:\\\/\\\/viscoto.com\\\/de\\\/vorteile\\\/\",\"url\":\"https:\\\/\\\/viscoto.com\\\/de\\\/vorteile\\\/\",\"name\":\"Vorteile - Viscoto\",\"isPartOf\":{\"@id\":\"https:\\\/\\\/viscoto.com\\\/#website\"},\"datePublished\":\"2022-10-18T09:46:26+00:00\",\"dateModified\":\"2023-07-10T06:51:37+00:00\",\"breadcrumb\":{\"@id\":\"https:\\\/\\\/viscoto.com\\\/de\\\/vorteile\\\/#breadcrumb\"},\"inLanguage\":\"de\",\"potentialAction\":[{\"@type\":\"ReadAction\",\"target\":[\"https:\\\/\\\/viscoto.com\\\/de\\\/vorteile\\\/\"]}]},{\"@type\":\"BreadcrumbList\",\"@id\":\"https:\\\/\\\/viscoto.com\\\/de\\\/vorteile\\\/#breadcrumb\",\"itemListElement\":[{\"@type\":\"ListItem\",\"position\":1,\"name\":\"Strona g\u0142\u00f3wna\",\"item\":\"https:\\\/\\\/viscoto.com\\\/de\\\/\"},{\"@type\":\"ListItem\",\"position\":2,\"name\":\"Vorteile\"}]},{\"@type\":\"WebSite\",\"@id\":\"https:\\\/\\\/viscoto.com\\\/#website\",\"url\":\"https:\\\/\\\/viscoto.com\\\/\",\"name\":\"Viscoto\",\"description\":\"\",\"potentialAction\":[{\"@type\":\"SearchAction\",\"target\":{\"@type\":\"EntryPoint\",\"urlTemplate\":\"https:\\\/\\\/viscoto.com\\\/?s={search_term_string}\"},\"query-input\":{\"@type\":\"PropertyValueSpecification\",\"valueRequired\":true,\"valueName\":\"search_term_string\"}}],\"inLanguage\":\"de\"}]}<\/script>\n<!-- \/ Yoast SEO plugin. -->","yoast_head_json":{"title":"Vorteile - Viscoto","robots":{"index":"index","follow":"follow","max-snippet":"max-snippet:-1","max-image-preview":"max-image-preview:large","max-video-preview":"max-video-preview:-1"},"canonical":"https:\/\/viscoto.com\/de\/vorteile\/","og_locale":"de_DE","og_type":"article","og_title":"Vorteile - Viscoto","og_description":"[vc_row][vc_column][\/vc_column][\/vc_row][vc_row gap=&#8220;30&#8243; content_placement=&#8220;middle&#8220; woodmart_css_id=&#8220;635272923d7d4&#8243; responsive_spacing=&#8220;eyJwYXJhbV90eXBlIjoid29vZG1hcnRfcmVzcG9uc2l2ZV9zcGFjaW5nIiwic2VsZWN0b3JfaWQiOiI2MzUyNzI5MjNkN2Q0Iiwic2hvcnRjb2RlIjoidmNfcm93IiwiZGF0YSI6eyJ0YWJsZXQiOnt9LCJtb2JpbGUiOnt9fX0=&#8220; mobile_bg_img_hidden=&#8220;no&#8220; tablet_bg_img_hidden=&#8220;no&#8220; woodmart_parallax=&#8220;0&#8243; woodmart_gradient_switch=&#8220;no&#8220; woodmart_box_shadow=&#8220;no&#8220; wd_z_index=&#8220;no&#8220; woodmart_disable_overflow=&#8220;0&#8243; row_reverse_mobile=&#8220;0&#8243; row_reverse_tablet=&#8220;0&#8243; css=&#8220;.vc_custom_1666347661000{padding-top: 3% !important;padding-bottom: 3% !important;}&#8220;][vc_column width=&#8220;1\/2&#8243;","og_url":"https:\/\/viscoto.com\/de\/vorteile\/","og_site_name":"Viscoto","article_modified_time":"2023-07-10T06:51:37+00:00","twitter_card":"summary_large_image","twitter_misc":{"Gesch\u00e4tzte Lesezeit":"2\u00a0Minuten"},"schema":{"@context":"https:\/\/schema.org","@graph":[{"@type":"WebPage","@id":"https:\/\/viscoto.com\/de\/vorteile\/","url":"https:\/\/viscoto.com\/de\/vorteile\/","name":"Vorteile - Viscoto","isPartOf":{"@id":"https:\/\/viscoto.com\/#website"},"datePublished":"2022-10-18T09:46:26+00:00","dateModified":"2023-07-10T06:51:37+00:00","breadcrumb":{"@id":"https:\/\/viscoto.com\/de\/vorteile\/#breadcrumb"},"inLanguage":"de","potentialAction":[{"@type":"ReadAction","target":["https:\/\/viscoto.com\/de\/vorteile\/"]}]},{"@type":"BreadcrumbList","@id":"https:\/\/viscoto.com\/de\/vorteile\/#breadcrumb","itemListElement":[{"@type":"ListItem","position":1,"name":"Strona g\u0142\u00f3wna","item":"https:\/\/viscoto.com\/de\/"},{"@type":"ListItem","position":2,"name":"Vorteile"}]},{"@type":"WebSite","@id":"https:\/\/viscoto.com\/#website","url":"https:\/\/viscoto.com\/","name":"Viscoto","description":"","potentialAction":[{"@type":"SearchAction","target":{"@type":"EntryPoint","urlTemplate":"https:\/\/viscoto.com\/?s={search_term_string}"},"query-input":{"@type":"PropertyValueSpecification","valueRequired":true,"valueName":"search_term_string"}}],"inLanguage":"de"}]}},"_links":{"self":[{"href":"https:\/\/viscoto.com\/de\/wp-json\/wp\/v2\/pages\/658","targetHints":{"allow":["GET"]}}],"collection":[{"href":"https:\/\/viscoto.com\/de\/wp-json\/wp\/v2\/pages"}],"about":[{"href":"https:\/\/viscoto.com\/de\/wp-json\/wp\/v2\/types\/page"}],"author":[{"embeddable":true,"href":"https:\/\/viscoto.com\/de\/wp-json\/wp\/v2\/users\/1"}],"replies":[{"embeddable":true,"href":"https:\/\/viscoto.com\/de\/wp-json\/wp\/v2\/comments?post=658"}],"version-history":[{"count":5,"href":"https:\/\/viscoto.com\/de\/wp-json\/wp\/v2\/pages\/658\/revisions"}],"predecessor-version":[{"id":1097,"href":"https:\/\/viscoto.com\/de\/wp-json\/wp\/v2\/pages\/658\/revisions\/1097"}],"wp:attachment":[{"href":"https:\/\/viscoto.com\/de\/wp-json\/wp\/v2\/media?parent=658"}],"curies":[{"name":"wp","href":"https:\/\/api.w.org\/{rel}","templated":true}]}}