{"id":648,"date":"2022-10-18T11:46:01","date_gmt":"2022-10-18T09:46:01","guid":{"rendered":"https:\/\/viscoto.com\/warum-viscoto\/"},"modified":"2023-07-10T08:43:16","modified_gmt":"2023-07-10T06:43:16","slug":"warum-viscoto","status":"publish","type":"page","link":"https:\/\/viscoto.com\/de\/warum-viscoto\/","title":{"rendered":"Warum VISCOTO?"},"content":{"rendered":"<div class=\"wpb-content-wrapper\"><p>[vc_row equal_height=&#8220;yes&#8220; content_placement=&#8220;top&#8220; css=&#8220;.vc_custom_1668424917485{border-top-width: 1px !important;border-top-color: #efefef !important;border-top-style: solid !important;}&#8220; wd_z_index=&#8220;no&#8220; woodmart_css_id=&#8220;637224d3ad015&#8243; responsive_spacing=&#8220;eyJwYXJhbV90eXBlIjoid29vZG1hcnRfcmVzcG9uc2l2ZV9zcGFjaW5nIiwic2VsZWN0b3JfaWQiOiI2MzcyMjRkM2FkMDE1Iiwic2hvcnRjb2RlIjoidmNfcm93IiwiZGF0YSI6eyJ0YWJsZXQiOnsibWFyZ2luLWJvdHRvbSI6IjgwcHgifSwibW9iaWxlIjp7Im1hcmdpbi1ib3R0b20iOiI2MHB4In19fQ==&#8220; mobile_bg_img_hidden=&#8220;no&#8220; tablet_bg_img_hidden=&#8220;no&#8220; woodmart_parallax=&#8220;0&#8243; woodmart_gradient_switch=&#8220;no&#8220; row_reverse_mobile=&#8220;0&#8243; row_reverse_tablet=&#8220;0&#8243; woodmart_disable_overflow=&#8220;0&#8243; woodmart_box_shadow=&#8220;no&#8220;][vc_column offset=&#8220;vc_col-lg-6 vc_col-md-12 vc_col-xs-12&#8243; wd_z_index=&#8220;no&#8220; woodmart_css_id=&#8220;6372230ed8795&#8243; responsive_spacing=&#8220;eyJwYXJhbV90eXBlIjoid29vZG1hcnRfcmVzcG9uc2l2ZV9zcGFjaW5nIiwic2VsZWN0b3JfaWQiOiI2MzcyMjMwZWQ4Nzk1Iiwic2hvcnRjb2RlIjoidmNfY29sdW1uIiwiZGF0YSI6eyJ0YWJsZXQiOnt9LCJtb2JpbGUiOnt9fX0=&#8220; parallax_scroll=&#8220;no&#8220; mobile_bg_img_hidden=&#8220;no&#8220; tablet_bg_img_hidden=&#8220;no&#8220; woodmart_parallax=&#8220;0&#8243; woodmart_sticky_column=&#8220;false&#8220; mobile_reset_margin=&#8220;no&#8220; tablet_reset_margin=&#8220;no&#8220; wd_collapsible_content_switcher=&#8220;no&#8220; wd_column_role_offcanvas_desktop=&#8220;no&#8220; wd_column_role_offcanvas_tablet=&#8220;no&#8220; wd_column_role_offcanvas_mobile=&#8220;no&#8220; wd_column_role_content_desktop=&#8220;no&#8220; wd_column_role_content_tablet=&#8220;no&#8220; wd_column_role_content_mobile=&#8220;no&#8220; woodmart_box_shadow=&#8220;no&#8220;]\n\t\t<div id=\"wd-635255439cbb6\" class=\"title-wrapper wd-wpb wd-set-mb reset-last-child  wd-rs-635255439cbb6 wd-title-color-default wd-title-style-simple text-left  wd-underline-colored\">\n\t\t\t\n\t\t\t<div class=\"liner-continer\">\n\t\t\t\t<h4 class=\"woodmart-title-container title  wd-font-weight-400 wd-fontsize-xxl\" > Warum VISCOTO?<\/h4>\n\t\t\t\t\t\t\t<\/div>\n\t\t\t\n\t\t\t\n\t\t\t\n\t\t<\/div>\n\t\t\n\t\t\t\t<div id=\"wd-6352762eb1b3f\" class=\"wd-text-block wd-wpb reset-last-child wd-rs-6352762eb1b3f text-left wd-width-enabled wd-font-weight-400 color-title wd-fontsize-s \" style=\"--wd-max-width: 80%;\">\n\t\t\t<p>Bei der Herstellung verwenden wir die neuesten technologischen Innovationen, dank derer unser Handtuch ein Produkt von h\u00f6chster Qualit\u00e4t ist. Sein Einwegcharakter macht ihn hygienischer als jedes wiederverwendbare Handtuch. Hergestellt nur aus nat\u00fcrlichen zertifizierten Holzfasern und ohne den Einsatz sch\u00e4dlicher Chemikalien, ist es umweltfreundlicher als jede andere L\u00f6sung auf dem Markt.<\/p>\n\t\t<\/div>\n\t\t\t\t<div id=\"wd-63527635cf7b6\" class=\"wd-text-block wd-wpb reset-last-child wd-rs-63527635cf7b6 text-left wd-width-enabled wd-font-weight-400 color-title wd-fontsize-s \" style=\"--wd-max-width: 80%;\">\n\t\t\t<p>VISCOTO Einweghandt\u00fccher werden aus zertifizierten erneuerbaren Holzfaserquellen \u2013 meist Bambus \u2013 hergestellt. Unsere Handt\u00fccher enthalten keine Kunststoffe und sind innerhalb von 8-12 Wochen kompostierbar! Alle VISCOTO Produkte sind zu 100% in einer sauerstofffreien Umgebung biologisch abbaubar oder recycelbar. VISCOTO Produkte sind zu 100% aus Zellulose hergestellt, so dass sie in vielen Umgebungen wie Holz oder Papier wirken<\/p>\n\t\t<\/div>\n\t\t\t\t<div id=\"wd-6352763d4372b\" class=\"wd-text-block wd-wpb reset-last-child wd-rs-6352763d4372b text-left wd-width-enabled wd-font-weight-400 color-title wd-fontsize-s \" style=\"--wd-max-width: 80%;\">\n\t\t\t<p>Der Austausch von Baumwollhandt\u00fcchern durch unsere Handt\u00fccher bedeutet keine W\u00e4sche, weniger umweltsch\u00e4dliche Chemikalien und keinen \u00fcberm\u00e4\u00dfigen Wasserverbrauch \u2013 eine clevere Wahl f\u00fcr Unternehmen, die Nachhaltigkeit anstreben und auf einfache Weise umweltfreundlich werden wollen.<\/p>\n\t\t<\/div>\n\t\t\t\t<div id=\"wd-63527645130a3\" class=\"wd-text-block wd-wpb reset-last-child wd-rs-63527645130a3 text-left wd-width-enabled wd-font-weight-400 color-title wd-fontsize-s \" style=\"--wd-max-width: 80%;\">\n\t\t\t<p>Biologisch abbaubare Einwegprodukte werden in vielen Branchen zur Norm, da sie unvergleichliche Frische, Hygiene und Komfort bieten und gleichzeitig die Umweltbelastung reduzieren. Baumwollhandt\u00fccher nehmen wertvollen Platz ein, den Sie durch die Einf\u00fchrung unserer Produkte in Ihren Salon gewinnen k\u00f6nnen. Mit VISCOTO Handt\u00fcchern sparen Sie Zeit und Geld und schonen gleichzeitig die nat\u00fcrliche Umwelt.<\/p>\n\t\t<\/div>\n\t\t[\/vc_column][vc_column woodmart_sticky_column_offset=&#8220;150&#8243; woodmart_sticky_column=&#8220;true&#8220; offset=&#8220;vc_col-lg-6 vc_col-md-6 vc_col-xs-12&#8243; wd_z_index=&#8220;no&#8220; woodmart_css_id=&#8220;637223a548fc0&#8243; responsive_spacing=&#8220;eyJwYXJhbV90eXBlIjoid29vZG1hcnRfcmVzcG9uc2l2ZV9zcGFjaW5nIiwic2VsZWN0b3JfaWQiOiI2MzcyMjNhNTQ4ZmMwIiwic2hvcnRjb2RlIjoidmNfY29sdW1uIiwiZGF0YSI6eyJ0YWJsZXQiOnt9LCJtb2JpbGUiOnsicGFkZGluZy10b3AiOiI2MHB4IiwicGFkZGluZy1yaWdodCI6IjE1cHgiLCJwYWRkaW5nLWxlZnQiOiIxNXB4In19fQ==&#8220; parallax_scroll=&#8220;no&#8220; mobile_bg_img_hidden=&#8220;no&#8220; tablet_bg_img_hidden=&#8220;no&#8220; woodmart_parallax=&#8220;0&#8243; mobile_reset_margin=&#8220;no&#8220; tablet_reset_margin=&#8220;no&#8220; wd_collapsible_content_switcher=&#8220;no&#8220; wd_column_role_offcanvas_desktop=&#8220;no&#8220; wd_column_role_offcanvas_tablet=&#8220;no&#8220; wd_column_role_offcanvas_mobile=&#8220;no&#8220; wd_column_role_content_desktop=&#8220;no&#8220; wd_column_role_content_tablet=&#8220;no&#8220; wd_column_role_content_mobile=&#8220;no&#8220; woodmart_box_shadow=&#8220;no&#8220;][vc_single_image image=&#8220;489&#8243; img_size=&#8220;full&#8220; parallax_scroll=&#8220;no&#8220; woodmart_inline=&#8220;no&#8220;][vc_single_image image=&#8220;577&#8243; img_size=&#8220;full&#8220; parallax_scroll=&#8220;no&#8220; woodmart_inline=&#8220;no&#8220;][vc_single_image image=&#8220;927&#8243; img_size=&#8220;full&#8220; parallax_scroll=&#8220;no&#8220; woodmart_inline=&#8220;no&#8220;][\/vc_column][\/vc_row]<\/p>\n<\/div>","protected":false},"excerpt":{"rendered":"<p>[vc_row equal_height=&#8220;yes&#8220; content_placement=&#8220;top&#8220; css=&#8220;.vc_custom_1668424917485{border-top-width: 1px !important;border-top-color: #efefef !important;border-top-style: solid !important;}&#8220; wd_z_index=&#8220;no&#8220; woodmart_css_id=&#8220;637224d3ad015&#8243; responsive_spacing=&#8220;eyJwYXJhbV90eXBlIjoid29vZG1hcnRfcmVzcG9uc2l2ZV9zcGFjaW5nIiwic2VsZWN0b3JfaWQiOiI2MzcyMjRkM2FkMDE1Iiwic2hvcnRjb2RlIjoidmNfcm93IiwiZGF0YSI6eyJ0YWJsZXQiOnsibWFyZ2luLWJvdHRvbSI6IjgwcHgifSwibW9iaWxlIjp7Im1hcmdpbi1ib3R0b20iOiI2MHB4In19fQ==&#8220; mobile_bg_img_hidden=&#8220;no&#8220; tablet_bg_img_hidden=&#8220;no&#8220; woodmart_parallax=&#8220;0&#8243; woodmart_gradient_switch=&#8220;no&#8220; row_reverse_mobile=&#8220;0&#8243; row_reverse_tablet=&#8220;0&#8243; woodmart_disable_overflow=&#8220;0&#8243;<\/p>\n","protected":false},"author":1,"featured_media":0,"parent":0,"menu_order":0,"comment_status":"closed","ping_status":"closed","template":"","meta":{"footnotes":""},"class_list":["post-648","page","type-page","status-publish","hentry"],"yoast_head":"<!-- This site is optimized with the Yoast SEO plugin v27.3 - https:\/\/yoast.com\/product\/yoast-seo-wordpress\/ -->\n<title>Warum VISCOTO? - Viscoto<\/title>\n<meta name=\"robots\" content=\"index, follow, max-snippet:-1, max-image-preview:large, max-video-preview:-1\" \/>\n<link rel=\"canonical\" href=\"https:\/\/viscoto.com\/de\/warum-viscoto\/\" \/>\n<meta property=\"og:locale\" content=\"de_DE\" \/>\n<meta property=\"og:type\" content=\"article\" \/>\n<meta property=\"og:title\" content=\"Warum VISCOTO? - Viscoto\" \/>\n<meta property=\"og:description\" content=\"[vc_row equal_height=&#8220;yes&#8220; content_placement=&#8220;top&#8220; css=&#8220;.vc_custom_1668424917485{border-top-width: 1px !important;border-top-color: #efefef !important;border-top-style: solid !important;}&#8220; wd_z_index=&#8220;no&#8220; woodmart_css_id=&#8220;637224d3ad015&#8243; responsive_spacing=&#8220;eyJwYXJhbV90eXBlIjoid29vZG1hcnRfcmVzcG9uc2l2ZV9zcGFjaW5nIiwic2VsZWN0b3JfaWQiOiI2MzcyMjRkM2FkMDE1Iiwic2hvcnRjb2RlIjoidmNfcm93IiwiZGF0YSI6eyJ0YWJsZXQiOnsibWFyZ2luLWJvdHRvbSI6IjgwcHgifSwibW9iaWxlIjp7Im1hcmdpbi1ib3R0b20iOiI2MHB4In19fQ==&#8220; mobile_bg_img_hidden=&#8220;no&#8220; tablet_bg_img_hidden=&#8220;no&#8220; woodmart_parallax=&#8220;0&#8243; woodmart_gradient_switch=&#8220;no&#8220; row_reverse_mobile=&#8220;0&#8243; row_reverse_tablet=&#8220;0&#8243; woodmart_disable_overflow=&#8220;0&#8243;\" \/>\n<meta property=\"og:url\" content=\"https:\/\/viscoto.com\/de\/warum-viscoto\/\" \/>\n<meta property=\"og:site_name\" content=\"Viscoto\" \/>\n<meta property=\"article:modified_time\" content=\"2023-07-10T06:43:16+00:00\" \/>\n<meta name=\"twitter:card\" content=\"summary_large_image\" \/>\n<meta name=\"twitter:label1\" content=\"Gesch\u00e4tzte Lesezeit\" \/>\n\t<meta name=\"twitter:data1\" content=\"5\u00a0Minuten\" \/>\n<script type=\"application\/ld+json\" class=\"yoast-schema-graph\">{\"@context\":\"https:\\\/\\\/schema.org\",\"@graph\":[{\"@type\":\"WebPage\",\"@id\":\"https:\\\/\\\/viscoto.com\\\/de\\\/warum-viscoto\\\/\",\"url\":\"https:\\\/\\\/viscoto.com\\\/de\\\/warum-viscoto\\\/\",\"name\":\"Warum VISCOTO? - Viscoto\",\"isPartOf\":{\"@id\":\"https:\\\/\\\/viscoto.com\\\/#website\"},\"datePublished\":\"2022-10-18T09:46:01+00:00\",\"dateModified\":\"2023-07-10T06:43:16+00:00\",\"breadcrumb\":{\"@id\":\"https:\\\/\\\/viscoto.com\\\/de\\\/warum-viscoto\\\/#breadcrumb\"},\"inLanguage\":\"de\",\"potentialAction\":[{\"@type\":\"ReadAction\",\"target\":[\"https:\\\/\\\/viscoto.com\\\/de\\\/warum-viscoto\\\/\"]}]},{\"@type\":\"BreadcrumbList\",\"@id\":\"https:\\\/\\\/viscoto.com\\\/de\\\/warum-viscoto\\\/#breadcrumb\",\"itemListElement\":[{\"@type\":\"ListItem\",\"position\":1,\"name\":\"Strona g\u0142\u00f3wna\",\"item\":\"https:\\\/\\\/viscoto.com\\\/de\\\/\"},{\"@type\":\"ListItem\",\"position\":2,\"name\":\"Warum VISCOTO?\"}]},{\"@type\":\"WebSite\",\"@id\":\"https:\\\/\\\/viscoto.com\\\/#website\",\"url\":\"https:\\\/\\\/viscoto.com\\\/\",\"name\":\"Viscoto\",\"description\":\"\",\"potentialAction\":[{\"@type\":\"SearchAction\",\"target\":{\"@type\":\"EntryPoint\",\"urlTemplate\":\"https:\\\/\\\/viscoto.com\\\/?s={search_term_string}\"},\"query-input\":{\"@type\":\"PropertyValueSpecification\",\"valueRequired\":true,\"valueName\":\"search_term_string\"}}],\"inLanguage\":\"de\"}]}<\/script>\n<!-- \/ Yoast SEO plugin. -->","yoast_head_json":{"title":"Warum VISCOTO? - Viscoto","robots":{"index":"index","follow":"follow","max-snippet":"max-snippet:-1","max-image-preview":"max-image-preview:large","max-video-preview":"max-video-preview:-1"},"canonical":"https:\/\/viscoto.com\/de\/warum-viscoto\/","og_locale":"de_DE","og_type":"article","og_title":"Warum VISCOTO? - Viscoto","og_description":"[vc_row equal_height=&#8220;yes&#8220; content_placement=&#8220;top&#8220; css=&#8220;.vc_custom_1668424917485{border-top-width: 1px !important;border-top-color: #efefef !important;border-top-style: solid !important;}&#8220; wd_z_index=&#8220;no&#8220; woodmart_css_id=&#8220;637224d3ad015&#8243; responsive_spacing=&#8220;eyJwYXJhbV90eXBlIjoid29vZG1hcnRfcmVzcG9uc2l2ZV9zcGFjaW5nIiwic2VsZWN0b3JfaWQiOiI2MzcyMjRkM2FkMDE1Iiwic2hvcnRjb2RlIjoidmNfcm93IiwiZGF0YSI6eyJ0YWJsZXQiOnsibWFyZ2luLWJvdHRvbSI6IjgwcHgifSwibW9iaWxlIjp7Im1hcmdpbi1ib3R0b20iOiI2MHB4In19fQ==&#8220; mobile_bg_img_hidden=&#8220;no&#8220; tablet_bg_img_hidden=&#8220;no&#8220; woodmart_parallax=&#8220;0&#8243; woodmart_gradient_switch=&#8220;no&#8220; row_reverse_mobile=&#8220;0&#8243; row_reverse_tablet=&#8220;0&#8243; woodmart_disable_overflow=&#8220;0&#8243;","og_url":"https:\/\/viscoto.com\/de\/warum-viscoto\/","og_site_name":"Viscoto","article_modified_time":"2023-07-10T06:43:16+00:00","twitter_card":"summary_large_image","twitter_misc":{"Gesch\u00e4tzte Lesezeit":"5\u00a0Minuten"},"schema":{"@context":"https:\/\/schema.org","@graph":[{"@type":"WebPage","@id":"https:\/\/viscoto.com\/de\/warum-viscoto\/","url":"https:\/\/viscoto.com\/de\/warum-viscoto\/","name":"Warum VISCOTO? - Viscoto","isPartOf":{"@id":"https:\/\/viscoto.com\/#website"},"datePublished":"2022-10-18T09:46:01+00:00","dateModified":"2023-07-10T06:43:16+00:00","breadcrumb":{"@id":"https:\/\/viscoto.com\/de\/warum-viscoto\/#breadcrumb"},"inLanguage":"de","potentialAction":[{"@type":"ReadAction","target":["https:\/\/viscoto.com\/de\/warum-viscoto\/"]}]},{"@type":"BreadcrumbList","@id":"https:\/\/viscoto.com\/de\/warum-viscoto\/#breadcrumb","itemListElement":[{"@type":"ListItem","position":1,"name":"Strona g\u0142\u00f3wna","item":"https:\/\/viscoto.com\/de\/"},{"@type":"ListItem","position":2,"name":"Warum VISCOTO?"}]},{"@type":"WebSite","@id":"https:\/\/viscoto.com\/#website","url":"https:\/\/viscoto.com\/","name":"Viscoto","description":"","potentialAction":[{"@type":"SearchAction","target":{"@type":"EntryPoint","urlTemplate":"https:\/\/viscoto.com\/?s={search_term_string}"},"query-input":{"@type":"PropertyValueSpecification","valueRequired":true,"valueName":"search_term_string"}}],"inLanguage":"de"}]}},"_links":{"self":[{"href":"https:\/\/viscoto.com\/de\/wp-json\/wp\/v2\/pages\/648","targetHints":{"allow":["GET"]}}],"collection":[{"href":"https:\/\/viscoto.com\/de\/wp-json\/wp\/v2\/pages"}],"about":[{"href":"https:\/\/viscoto.com\/de\/wp-json\/wp\/v2\/types\/page"}],"author":[{"embeddable":true,"href":"https:\/\/viscoto.com\/de\/wp-json\/wp\/v2\/users\/1"}],"replies":[{"embeddable":true,"href":"https:\/\/viscoto.com\/de\/wp-json\/wp\/v2\/comments?post=648"}],"version-history":[{"count":5,"href":"https:\/\/viscoto.com\/de\/wp-json\/wp\/v2\/pages\/648\/revisions"}],"predecessor-version":[{"id":1054,"href":"https:\/\/viscoto.com\/de\/wp-json\/wp\/v2\/pages\/648\/revisions\/1054"}],"wp:attachment":[{"href":"https:\/\/viscoto.com\/de\/wp-json\/wp\/v2\/media?parent=648"}],"curies":[{"name":"wp","href":"https:\/\/api.w.org\/{rel}","templated":true}]}}